{"id":2563,"date":"2023-11-06T17:30:24","date_gmt":"2023-11-06T17:30:24","guid":{"rendered":"https:\/\/guestfridge.minibarsystems.com\/guestfridge-50-slim-porte-en-verre-a-cadre-noir\/"},"modified":"2023-11-06T17:30:29","modified_gmt":"2023-11-06T17:30:29","slug":"guestfridge-50-slim-porte-en-verre-a-cadre-noir","status":"publish","type":"page","link":"https:\/\/guestfridge.minibarsystems.com\/fr\/guestfridge-50-slim-porte-en-verre-a-cadre-noir\/","title":{"rendered":"GuestFridge 50 Slim &#8211; Porte en verre \u00e0 cadre noir"},"content":{"rendered":"<p>[et_pb_section fb_built=&#8221;1&#8243; _builder_version=&#8221;4.16&#8243; _module_preset=&#8221;783607ad-fbcf-41b6-925a-c7f30d417632&#8243; global_colors_info=&#8221;{}&#8221;][et_pb_row _builder_version=&#8221;4.16&#8243; global_colors_info=&#8221;{}&#8221;][et_pb_column type=&#8221;4_4&#8243; _builder_version=&#8221;4.16&#8243; global_colors_info=&#8221;{}&#8221;][et_pb_text _builder_version=&#8221;4.19.2&#8243; header_2_text_align=&#8221;center&#8221; header_2_text_color=&#8221;#ffffff&#8221; header_2_font_size=&#8221;36px&#8221; custom_margin=&#8221;||19px|||&#8221; header_2_font_size_tablet=&#8221;32px&#8221; header_2_font_size_phone=&#8221;30px&#8221; header_2_font_size_last_edited=&#8221;on|tablet&#8221; global_colors_info=&#8221;{}&#8221;]<\/p>\n<h2>GuestFridge 50 Slim &#8211; Porte en verre \u00e0 cadre noir<\/h2>\n<p>[\/et_pb_text][\/et_pb_column][\/et_pb_row][\/et_pb_section][et_pb_section fb_built=&#8221;1&#8243; _builder_version=&#8221;4.16&#8243; background_color=&#8221;#FFFFFF&#8221; use_background_color_gradient=&#8221;on&#8221; background_color_gradient_stops=&#8221;rgba(255,255,255,0.94) 0%|rgba(255,255,255,0.2) 100%&#8221; background_color_gradient_start=&#8221;rgba(255,255,255,0.94)&#8221; background_color_gradient_end=&#8221;rgba(255,255,255,0.2)&#8221; background_image=&#8221;https:\/\/guestfridge.minibarsystems.com\/wp-content\/uploads\/2022\/07\/circuits-bgr-01-scaled.jpg&#8221; parallax=&#8221;on&#8221; parallax_method=&#8221;off&#8221; min_height=&#8221;691px&#8221; custom_padding=&#8221;75px||60px||false|false&#8221; custom_css_main_element=&#8221;background-repeat: no-repeat;||background-attachment: fixed;||background-position: center right;||background-size: initial;&#8221; global_colors_info=&#8221;{}&#8221;][et_pb_row column_structure=&#8221;1_2,1_2&#8243; use_custom_gutter=&#8221;on&#8221; gutter_width=&#8221;2&#8243; make_equal=&#8221;on&#8221; _builder_version=&#8221;4.16&#8243; use_background_color_gradient=&#8221;on&#8221; background_color_gradient_stops=&#8221;rgba(255,255,255,0.85) 0%|rgba(255,255,255,0.85) 100%&#8221; background_color_gradient_overlays_image=&#8221;on&#8221; background_color_gradient_start=&#8221;rgba(255,255,255,0.85)&#8221; background_color_gradient_end=&#8221;rgba(255,255,255,0.85)&#8221; background_image=&#8221;https:\/\/minibarsystems.com\/guestfridge.minibarsystems.com\/wp-content\/uploads\/2021\/03\/brg-02.jpg&#8221; custom_margin=&#8221;0px||||false|false&#8221; custom_padding=&#8221;50px|25px|150px|25px|false|false&#8221; border_width_all=&#8221;2px&#8221; border_color_all=&#8221;#FFFFFF&#8221; box_shadow_style=&#8221;preset3&#8243; global_colors_info=&#8221;{}&#8221;][et_pb_column type=&#8221;1_2&#8243; _builder_version=&#8221;4.16&#8243; global_colors_info=&#8221;{}&#8221; transform_styles__hover_enabled=&#8221;on|hover&#8221; transform_scale__hover_enabled=&#8221;on|hover&#8221; transform_translate__hover_enabled=&#8221;on|desktop&#8221; transform_rotate__hover_enabled=&#8221;on|desktop&#8221; transform_skew__hover_enabled=&#8221;on|desktop&#8221; transform_origin__hover_enabled=&#8221;on|desktop&#8221; transform_scale__hover=&#8221;98%|98%&#8221; box_shadow_blur__hover_enabled=&#8221;on|hover&#8221; box_shadow_blur__hover=&#8221;10px&#8221; box_shadow_color__hover_enabled=&#8221;on|hover&#8221; box_shadow_color__hover=&#8221;rgba(0,0,0,0.5)&#8221; box_shadow_vertical__hover_enabled=&#8221;on|desktop&#8221; box_shadow_vertical__hover=&#8221;2px&#8221;][et_pb_slider _builder_version=&#8221;4.19.2&#8243; _module_preset=&#8221;default&#8221; global_colors_info=&#8221;{}&#8221;][et_pb_slide image=&#8221;https:\/\/guestfridge.minibarsystems.com\/wp-content\/uploads\/2023\/04\/900-660-1.png&#8221; _builder_version=&#8221;4.19.2&#8243; _module_preset=&#8221;default&#8221; background_color=&#8221;RGBA(255,255,255,0)&#8221; background_enable_color=&#8221;on&#8221; custom_padding=&#8221;0px||||false|false&#8221; global_colors_info=&#8221;{}&#8221; sticky_transition=&#8221;on&#8221;][\/et_pb_slide][et_pb_slide image=&#8221;https:\/\/guestfridge.minibarsystems.com\/wp-content\/uploads\/2023\/04\/900-660-2.png&#8221; _builder_version=&#8221;4.19.2&#8243; _module_preset=&#8221;default&#8221; background_color=&#8221;RGBA(255,255,255,0)&#8221; background_enable_color=&#8221;on&#8221; custom_padding=&#8221;0px||||false|false&#8221; global_colors_info=&#8221;{}&#8221; sticky_transition=&#8221;on&#8221;][\/et_pb_slide][et_pb_slide image=&#8221;https:\/\/guestfridge.minibarsystems.com\/wp-content\/uploads\/2023\/04\/900-660-3.png&#8221; _builder_version=&#8221;4.19.2&#8243; _module_preset=&#8221;default&#8221; background_color=&#8221;RGBA(255,255,255,0)&#8221; background_enable_color=&#8221;on&#8221; custom_padding=&#8221;0px||||false|false&#8221; global_colors_info=&#8221;{}&#8221; sticky_transition=&#8221;on&#8221;][\/et_pb_slide][\/et_pb_slider][\/et_pb_column][et_pb_column type=&#8221;1_2&#8243; _builder_version=&#8221;4.16&#8243; global_colors_info=&#8221;{}&#8221; transform_styles__hover_enabled=&#8221;on|hover&#8221; transform_scale__hover_enabled=&#8221;on|hover&#8221; transform_translate__hover_enabled=&#8221;on|desktop&#8221; transform_rotate__hover_enabled=&#8221;on|desktop&#8221; transform_skew__hover_enabled=&#8221;on|desktop&#8221; transform_origin__hover_enabled=&#8221;on|desktop&#8221; transform_scale__hover=&#8221;98%|98%&#8221; box_shadow_blur__hover_enabled=&#8221;on|hover&#8221; box_shadow_blur__hover=&#8221;10px&#8221; box_shadow_color__hover_enabled=&#8221;on|hover&#8221; box_shadow_color__hover=&#8221;rgba(0,0,0,0.5)&#8221; box_shadow_vertical__hover_enabled=&#8221;on|desktop&#8221; box_shadow_vertical__hover=&#8221;2px&#8221;][et_pb_text _builder_version=&#8221;4.19.2&#8243; _module_preset=&#8221;default&#8221; custom_padding=&#8221;||||false|false&#8221; global_colors_info=&#8221;{}&#8221;]<\/p>\n<ul>\n<li>Conforme \u00e0 l&#8217;ADA<\/li>\n<li>Technologie de compresseur silencieux<\/li>\n<li>Etag\u00e8re en verre amovible pour un nettoyage facile<\/li>\n<li>Isolation thermique fabriqu\u00e9e avec du cyclopentane \u00e9cologique<\/li>\n<li>Thermostat r\u00e9glable<\/li>\n<li>Charni\u00e8res de porte universelles robustes, convertibles de gauche \u00e0 droite<\/li>\n<li>Joints magn\u00e9tiques sur tout le pourtour pour garder la porte parfaitement ferm\u00e9e<\/li>\n<li>Poign\u00e9es de porte int\u00e9gr\u00e9es<\/li>\n<li>Porte vitr\u00e9e triple vitrage<\/li>\n<li>\u00c9clairage LED interne<\/li>\n<li>D\u00e9givrage automatique<\/li>\n<\/ul>\n<p>[\/et_pb_text][\/et_pb_column][\/et_pb_row][et_pb_row column_structure=&#8221;1_3,1_3,1_3&#8243; use_custom_gutter=&#8221;on&#8221; gutter_width=&#8221;2&#8243; make_equal=&#8221;on&#8221; _builder_version=&#8221;4.16&#8243; _module_preset=&#8221;default&#8221; custom_margin=&#8221;-200px||10px||false|false&#8221; custom_padding=&#8221;25px|25px|25px|25px|false|false&#8221; global_colors_info=&#8221;{}&#8221;][et_pb_column type=&#8221;1_3&#8243; _builder_version=&#8221;4.16&#8243; _module_preset=&#8221;b66a162a-221e-4048-8062-94504d914c5f&#8221; global_colors_info=&#8221;{}&#8221;][et_pb_image src=&#8221;https:\/\/guestfridge.minibarsystems.com\/wp-content\/uploads\/2023\/04\/367-249-2.png&#8221; title_text=&#8221;367-249-2&#8243; _builder_version=&#8221;4.19.2&#8243; _module_preset=&#8221;default&#8221; global_colors_info=&#8221;{}&#8221;][\/et_pb_image][et_pb_text _builder_version=&#8221;4.19.2&#8243; _module_preset=&#8221;default&#8221; text_orientation=&#8221;center&#8221; custom_padding=&#8221;|10px|10px|10px|false|false&#8221; global_colors_info=&#8221;{}&#8221;]<\/p>\n<p>Tablettes amovibles en fil de fer chrom\u00e9 pour une polyvalence de rangement maximale<\/p>\n<p>[\/et_pb_text][\/et_pb_column][et_pb_column type=&#8221;1_3&#8243; _builder_version=&#8221;4.16&#8243; _module_preset=&#8221;b66a162a-221e-4048-8062-94504d914c5f&#8221; global_colors_info=&#8221;{}&#8221;][et_pb_image src=&#8221;https:\/\/guestfridge.minibarsystems.com\/wp-content\/uploads\/2023\/04\/367-249-1.png&#8221; title_text=&#8221;367-249-1&#8243; _builder_version=&#8221;4.19.2&#8243; _module_preset=&#8221;default&#8221; global_colors_info=&#8221;{}&#8221;][\/et_pb_image][et_pb_text _builder_version=&#8221;4.19.2&#8243; _module_preset=&#8221;default&#8221; text_orientation=&#8221;center&#8221; custom_padding=&#8221;|10px|10px|10px|false|false&#8221; global_colors_info=&#8221;{}&#8221;]<\/p>\n<p>Thermostat r\u00e9glable situ\u00e9 \u00e0 l&#8217;arri\u00e8re du r\u00e9frig\u00e9rateur<\/p>\n<p>[\/et_pb_text][\/et_pb_column][et_pb_column type=&#8221;1_3&#8243; _builder_version=&#8221;4.16&#8243; _module_preset=&#8221;b66a162a-221e-4048-8062-94504d914c5f&#8221; global_colors_info=&#8221;{}&#8221;][et_pb_image src=&#8221;https:\/\/guestfridge.minibarsystems.com\/wp-content\/uploads\/2023\/04\/367-249-4.png&#8221; title_text=&#8221;367-249-4&#8243; _builder_version=&#8221;4.19.2&#8243; _module_preset=&#8221;default&#8221; global_colors_info=&#8221;{}&#8221;][\/et_pb_image][et_pb_text _builder_version=&#8221;4.19.2&#8243; _module_preset=&#8221;default&#8221; text_orientation=&#8221;center&#8221; custom_padding=&#8221;|10px|10px|10px|false|false&#8221; global_colors_info=&#8221;{}&#8221;]<\/p>\n<p>Technologie de compression silencieuse et bac de r\u00e9cup\u00e9ration de la condensation<\/p>\n<p>[\/et_pb_text][\/et_pb_column][\/et_pb_row][\/et_pb_section][et_pb_section fb_built=&#8221;1&#8243; _builder_version=&#8221;4.16&#8243; _module_preset=&#8221;783607ad-fbcf-41b6-925a-c7f30d417632&#8243; global_colors_info=&#8221;{}&#8221;][et_pb_row _builder_version=&#8221;4.16&#8243; global_colors_info=&#8221;{}&#8221;][et_pb_column type=&#8221;4_4&#8243; _builder_version=&#8221;4.16&#8243; global_colors_info=&#8221;{}&#8221;][et_pb_text _builder_version=&#8221;4.19.2&#8243; header_2_text_align=&#8221;center&#8221; header_2_text_color=&#8221;#ffffff&#8221; header_2_font_size=&#8221;36px&#8221; custom_margin=&#8221;||19px|||&#8221; header_2_font_size_tablet=&#8221;32px&#8221; header_2_font_size_phone=&#8221;30px&#8221; header_2_font_size_last_edited=&#8221;on|tablet&#8221; global_colors_info=&#8221;{}&#8221;]<\/p>\n<h2>GuestFridge 50 Slim &#8211; Caract\u00e9ristiques et sp\u00e9cifications<\/h2>\n<p>[\/et_pb_text][\/et_pb_column][\/et_pb_row][\/et_pb_section][et_pb_section fb_built=&#8221;1&#8243; _builder_version=&#8221;4.16&#8243; background_color=&#8221;#ffffff&#8221; use_background_color_gradient=&#8221;on&#8221; background_color_gradient_stops=&#8221;rgba(255,255,255,0.9) 0%|rgba(255,255,255,0.2) 100%&#8221; background_color_gradient_start=&#8221;rgba(255,255,255,0.9)&#8221; background_color_gradient_end=&#8221;rgba(255,255,255,0.2)&#8221; background_image=&#8221;https:\/\/guestfridge.minibarsystems.com\/wp-content\/uploads\/2022\/07\/circuits-bgr-01-scaled.jpg&#8221; parallax=&#8221;on&#8221; parallax_method=&#8221;off&#8221; min_height=&#8221;691px&#8221; custom_padding=&#8221;75px||60px||false|false&#8221; custom_css_main_element=&#8221;background-repeat: no-repeat;||background-attachment: fixed;||background-position: center right;||background-size: initial;&#8221; global_colors_info=&#8221;{}&#8221;][et_pb_row column_structure=&#8221;1_2,1_2&#8243; use_custom_gutter=&#8221;on&#8221; gutter_width=&#8221;2&#8243; make_equal=&#8221;on&#8221; _builder_version=&#8221;4.16&#8243; background_size=&#8221;contain&#8221; custom_margin=&#8221;0px||||false|false&#8221; custom_padding=&#8221;1px|||||&#8221; custom_css_main_element=&#8221;background-repeat: no-repeat;||background-attachment: fixed;||background-position: center right;||background-size: initial;&#8221; border_radii=&#8221;off|12px|12px||&#8221; global_colors_info=&#8221;{}&#8221;][et_pb_column type=&#8221;1_2&#8243; _builder_version=&#8221;4.16&#8243; background_color=&#8221;#FFFFFF&#8221; use_background_color_gradient=&#8221;on&#8221; background_color_gradient_stops=&#8221;rgba(255,255,255,0.67) 0%|rgba(255,255,255,0.51) 100%&#8221; background_color_gradient_start=&#8221;rgba(255,255,255,0.67)&#8221; background_color_gradient_end=&#8221;rgba(255,255,255,0.51)&#8221; background_image=&#8221;https:\/\/guestfridge.minibarsystems.com\/wp-content\/uploads\/2021\/03\/GuestFridge-Hero-01.jpg&#8221; parallax=&#8221;on&#8221; parallax_method=&#8221;off&#8221; custom_padding=&#8221;25px|25px|25px|25px|false|false&#8221; border_radii=&#8221;on|12px|12px|12px|12px&#8221; box_shadow_style=&#8221;preset3&#8243; global_colors_info=&#8221;{}&#8221; transform_styles__hover_enabled=&#8221;on|hover&#8221; transform_scale__hover_enabled=&#8221;on|hover&#8221; transform_translate__hover_enabled=&#8221;on|desktop&#8221; transform_rotate__hover_enabled=&#8221;on|desktop&#8221; transform_skew__hover_enabled=&#8221;on|desktop&#8221; transform_origin__hover_enabled=&#8221;on|desktop&#8221; box_shadow_blur__hover_enabled=&#8221;off|hover&#8221; box_shadow_blur__hover=&#8221;10px&#8221; box_shadow_color__hover_enabled=&#8221;on|hover&#8221; box_shadow_color__hover=&#8221;rgba(0,0,0,0.5)&#8221; box_shadow_vertical__hover_enabled=&#8221;off|hover&#8221; box_shadow_vertical__hover=&#8221;2px&#8221;][et_pb_text _builder_version=&#8221;4.19.2&#8243; header_3_font=&#8221;|600|||||||&#8221; header_3_font_size=&#8221;20px&#8221; custom_padding=&#8221;||5px|||&#8221; global_colors_info=&#8221;{}&#8221;]<\/p>\n<h3>Caract\u00e9ristiques standards<\/h3>\n<ul>\n<li><span style=\"font-size: 17px;\">Technologie de compresseur silencieux<\/span><\/li>\n<li>R\u00e9frig\u00e9rant \u00e9cologique R600a<\/li>\n<li>\n<div>Rayonnage amovible pour un nettoyage facile<\/div>\n<\/li>\n<li>\n<div>Isolation thermique fabriqu\u00e9e avec du cyclopentane \u00e9cologique<\/div>\n<\/li>\n<li>Etag\u00e8res en fil de fer chrom\u00e9 pour une polyvalence de rangement maximale<\/li>\n<li><span style=\"font-size: 17px;\">Thermostat r\u00e9glable<\/span><\/li>\n<li>\n<div>Charni\u00e8res de porte solides convertibles de gauche \u00e0 droite<\/div>\n<\/li>\n<li>\n<div>Joints magn\u00e9tiques sur tout le pourtour pour garder la porte parfaitement ferm\u00e9e<\/div>\n<\/li>\n<li>Rangement pour grandes bouteilles &#8211; id\u00e9al pour les grandes bouteilles de soda<\/li>\n<li>\n<div>Poign\u00e9e de porte int\u00e9gr\u00e9e<\/div>\n<\/li>\n<li>\n<div>Lampe LED automatique interne<\/div>\n<\/li>\n<li>\n<div>D\u00e9givrage automatique<\/div>\n<\/li>\n<\/ul>\n<p><span style=\"font-size: .6em; line-height: .6;\">* Aucun support de porte disponible sur les portes en verre<br \/>** Consommation d&#8217;\u00e9nergie moyenne par 24 heures, \u00e0 une temp\u00e9rature ambiante de 25 \u00b0 C (77 \u00b0 F) et une temp\u00e9rature de refroidissement de 7 \u00b0 C (44,6 \u00b0 F), conform\u00e9ment \u00e0 la norme EN ISO 7371.<\/span><\/p>\n<p>[\/et_pb_text][\/et_pb_column][et_pb_column type=&#8221;1_2&#8243; module_class=&#8221;fade-out-siblings&#8221; _builder_version=&#8221;4.16&#8243; background_color=&#8221;#FFFFFF&#8221; use_background_color_gradient=&#8221;on&#8221; background_color_gradient_stops=&#8221;rgba(255,255,255,0.67) 0%|rgba(255,255,255,0.51) 100%&#8221; background_color_gradient_start=&#8221;rgba(255,255,255,0.67)&#8221; background_color_gradient_end=&#8221;rgba(255,255,255,0.51)&#8221; background_image=&#8221;https:\/\/guestfridge.minibarsystems.com\/wp-content\/uploads\/2021\/03\/GuestFridge-Hero-01.jpg&#8221; parallax=&#8221;on&#8221; parallax_method=&#8221;off&#8221; custom_padding=&#8221;25px|25px|25px|25px|false|false&#8221; border_radii=&#8221;on|12px|12px|12px|12px&#8221; box_shadow_style=&#8221;preset3&#8243; global_colors_info=&#8221;{}&#8221; transform_styles__hover_enabled=&#8221;on|hover&#8221; box_shadow_blur__hover=&#8221;10px&#8221; box_shadow_blur__hover_enabled=&#8221;off|desktop&#8221; box_shadow_color__hover=&#8221;rgba(0,0,0,0.5)&#8221; box_shadow_color__hover_enabled=&#8221;on|hover&#8221; box_shadow_vertical__hover=&#8221;2px&#8221; box_shadow_vertical__hover_enabled=&#8221;off|desktop&#8221; transform_scale__hover_enabled=&#8221;on|hover&#8221; transform_translate__hover_enabled=&#8221;on|desktop&#8221; transform_rotate__hover_enabled=&#8221;on|desktop&#8221; transform_skew__hover_enabled=&#8221;on|desktop&#8221; transform_origin__hover_enabled=&#8221;on|desktop&#8221;][et_pb_text _builder_version=&#8221;4.16&#8243; header_3_font=&#8221;|600|||||||&#8221; header_3_font_size=&#8221;20px&#8221; global_colors_info=&#8221;{}&#8221;]<\/p>\n<h3>Sp\u00e9cifications techniques<\/h3>\n<p>[\/et_pb_text][et_pb_text _builder_version=&#8221;4.19.2&#8243; _module_preset=&#8221;default&#8221; text_font=&#8221;||||||||&#8221; text_font_size=&#8221;13px&#8221; text_line_height=&#8221;1.2em&#8221; global_colors_info=&#8221;{}&#8221;]<\/p>\n<table style=\"width: 100%; border-collapse: collapse; border-style: hidden;\" border=\"0\">\n<tbody>\n<tr style=\"border-style: hidden;\">\n<td style=\"width: 81.5384%; border-style: none;\"><\/td>\n<td style=\"width: 18.4616%; text-align: center;\">GuestFridge 50 Slim BFGD<\/td>\n<\/tr>\n<tr style=\"border-style: hidden;\">\n<td style=\"width: 81.5384%;\">Technologie de refroidissement<\/td>\n<td style=\"width: 18.4616%; text-align: center;\">Compresseur<\/td>\n<\/tr>\n<tr style=\"border-style: hidden;\">\n<td style=\"width: 81.5384%;\">Capacit\u00e9 (litres \/ pieds cubes)<\/td>\n<td style=\"width: 18.4616%; text-align: center;\">33L \/ 1,17 Ft3<\/td>\n<\/tr>\n<tr style=\"border-style: hidden;\">\n<td style=\"width: 81.5384%;\">Dimensions HxLxP (pouces)<br \/>(mm)<\/td>\n<td style=\"width: 18.4616%; text-align: center;\">20,5 x 17 x 16,14 (in)<br \/>520 x 432 x 410 (mm)<\/td>\n<\/tr>\n<tr style=\"border-style: hidden;\">\n<td style=\"width: 81.5384%;\">Options de porte<\/td>\n<td style=\"width: 18.4616%; text-align: center;\">Porte en verre \u00e0 cadre noir<\/td>\n<\/tr>\n<tr style=\"border-style: hidden;\">\n<td style=\"width: 81.5384%;\">Charni\u00e8re de porte<\/td>\n<td style=\"width: 18.4616%; text-align: center;\">Universel<\/td>\n<\/tr>\n<tr style=\"border-style: hidden;\">\n<td style=\"width: 81.5384%;\">\u00c9tag\u00e8res en fil m\u00e9tallique \/ supports de porte<\/td>\n<td style=\"width: 18.4616%; text-align: center;\">2 \/ 0<\/td>\n<\/tr>\n<tr style=\"border-style: hidden;\">\n<td style=\"width: 81.5384%;\">Watts (W)<\/td>\n<td style=\"width: 18.4616%; text-align: center;\">85W<\/td>\n<\/tr>\n<tr style=\"border-style: hidden;\">\n<td style=\"width: 81.5384%;\">Tension (V) \/ Fr\u00e9quence (Hz)<\/td>\n<td style=\"width: 18.4616%; text-align: center;\">110V \/ 60Hz<br \/>220V \/ 50Hz<\/td>\n<\/tr>\n<tr style=\"border-style: hidden;\">\n<td style=\"width: 81.5384%;\">Consommation d&#8217;\u00e9nergie*<\/td>\n<td style=\"width: 18.4616%; text-align: center;\">0,62 kWh\/24 h*<\/td>\n<\/tr>\n<tr style=\"border-style: hidden;\">\n<td style=\"width: 81.5384%;\">Poids net (lbs \/ kgs)<\/td>\n<td style=\"width: 18.4616%; text-align: center;\">33lbs \/ 15kgs<\/td>\n<\/tr>\n<tr style=\"border-style: hidden;\">\n<td style=\"width: 81.5384%;\">Niveau sonore (dB)<\/td>\n<td style=\"width: 18.4616%; text-align: center;\">\u226441dB(A)<\/td>\n<\/tr>\n<tr style=\"border-style: hidden;\">\n<td style=\"width: 81.5384%;\">D\u00e9givrage<\/td>\n<td style=\"width: 18.4616%; text-align: center;\">Automatique<\/td>\n<\/tr>\n<tr style=\"border-style: hidden;\">\n<td style=\"width: 81.5384%;\">Lumi\u00e8re int\u00e9rieure<\/td>\n<td style=\"width: 18.4616%; text-align: center;\">LED, Automatique<\/td>\n<\/tr>\n<tr style=\"border-style: hidden;\">\n<td style=\"width: 81.5384%;\">Certifications :<\/td>\n<td style=\"width: 18.4616%; text-align: center;\">CCC\/CB\/CETL\/CE\/GS\/RoHS\/UL\/CSA<br \/>ISO 9001 2008\/ISO 14001 2004<\/td>\n<\/tr>\n<\/tbody>\n<\/table>\n<p>&nbsp;<\/p>\n<p>[\/et_pb_text][\/et_pb_column][\/et_pb_row][et_pb_row column_structure=&#8221;1_2,1_2&#8243; _builder_version=&#8221;4.19.2&#8243; _module_preset=&#8221;default&#8221; global_colors_info=&#8221;{}&#8221;][et_pb_column type=&#8221;1_2&#8243; _builder_version=&#8221;4.16&#8243; _module_preset=&#8221;default&#8221; global_colors_info=&#8221;{}&#8221;][et_pb_button button_url=&#8221;https:\/\/guestfridge.minibarsystems.com\/wp-content\/uploads\/2023\/04\/DOC0205_GuestFridge_Users_Guide_2023.pdf&#8221; url_new_window=&#8221;on&#8221; button_text=&#8221;Manuel du propri\u00e9taire (PDF)&#8221; _builder_version=&#8221;4.19.2&#8243; _module_preset=&#8221;default&#8221; button_border_radius=&#8221;9px&#8221; global_colors_info=&#8221;{}&#8221;][\/et_pb_button][\/et_pb_column][et_pb_column type=&#8221;1_2&#8243; _builder_version=&#8221;4.16&#8243; _module_preset=&#8221;default&#8221; global_colors_info=&#8221;{}&#8221;][et_pb_button button_url=&#8221;https:\/\/guestfridge.minibarsystems.com\/wp-content\/uploads\/2023\/04\/DOC0260_GuestFridge_50_Slim_CS_BFGD.pdf&#8221; url_new_window=&#8221;on&#8221; button_text=&#8221;Fiche de coupe du produit (PDF)&#8221; _builder_version=&#8221;4.19.2&#8243; _module_preset=&#8221;default&#8221; button_border_radius=&#8221;9px&#8221; global_colors_info=&#8221;{}&#8221;][\/et_pb_button][\/et_pb_column][\/et_pb_row][\/et_pb_section]<\/p>\n","protected":false},"excerpt":{"rendered":"<p>GuestFridge 50 Slim &#8211; Porte en verre \u00e0 cadre noir Conforme \u00e0 l&#8217;ADA Technologie de compresseur silencieux Etag\u00e8re en verre amovible pour un nettoyage facile Isolation thermique fabriqu\u00e9e avec du cyclopentane \u00e9cologique Thermostat r\u00e9glable Charni\u00e8res de porte universelles robustes, convertibles de gauche \u00e0 droite Joints magn\u00e9tiques sur tout le pourtour pour garder la porte parfaitement [&hellip;]<\/p>\n","protected":false},"author":5,"featured_media":0,"parent":0,"menu_order":0,"comment_status":"closed","ping_status":"closed","template":"","meta":{"_et_pb_use_builder":"on","_et_pb_old_content":"","_et_gb_content_width":"","footnotes":""},"class_list":["post-2563","page","type-page","status-publish","hentry"],"_links":{"self":[{"href":"https:\/\/guestfridge.minibarsystems.com\/fr\/wp-json\/wp\/v2\/pages\/2563","targetHints":{"allow":["GET"]}}],"collection":[{"href":"https:\/\/guestfridge.minibarsystems.com\/fr\/wp-json\/wp\/v2\/pages"}],"about":[{"href":"https:\/\/guestfridge.minibarsystems.com\/fr\/wp-json\/wp\/v2\/types\/page"}],"author":[{"embeddable":true,"href":"https:\/\/guestfridge.minibarsystems.com\/fr\/wp-json\/wp\/v2\/users\/5"}],"replies":[{"embeddable":true,"href":"https:\/\/guestfridge.minibarsystems.com\/fr\/wp-json\/wp\/v2\/comments?post=2563"}],"version-history":[{"count":10,"href":"https:\/\/guestfridge.minibarsystems.com\/fr\/wp-json\/wp\/v2\/pages\/2563\/revisions"}],"predecessor-version":[{"id":2584,"href":"https:\/\/guestfridge.minibarsystems.com\/fr\/wp-json\/wp\/v2\/pages\/2563\/revisions\/2584"}],"wp:attachment":[{"href":"https:\/\/guestfridge.minibarsystems.com\/fr\/wp-json\/wp\/v2\/media?parent=2563"}],"curies":[{"name":"wp","href":"https:\/\/api.w.org\/{rel}","templated":true}]}}