{"id":2711,"date":"2023-11-06T17:33:15","date_gmt":"2023-11-06T17:33:15","guid":{"rendered":"https:\/\/guestfridge.minibarsystems.com\/guestfridge-29-puerta-solida-negra\/"},"modified":"2023-11-06T17:33:22","modified_gmt":"2023-11-06T17:33:22","slug":"guestfridge-29-puerta-solida-negra","status":"publish","type":"page","link":"https:\/\/guestfridge.minibarsystems.com\/es\/guestfridge-29-puerta-solida-negra\/","title":{"rendered":"GuestFridge 29 &#8211; Puerta S\u00f3lida Negra"},"content":{"rendered":"<p>[et_pb_section fb_built=&#8221;1&#8243; _builder_version=&#8221;4.9.2&#8243; _module_preset=&#8221;783607ad-fbcf-41b6-925a-c7f30d417632&#8243; global_colors_info=&#8221;{}&#8221;][et_pb_row _builder_version=&#8221;4.4.7&#8243; global_colors_info=&#8221;{}&#8221;][et_pb_column type=&#8221;4_4&#8243; _builder_version=&#8221;4.4.7&#8243; global_colors_info=&#8221;{}&#8221;][et_pb_text _builder_version=&#8221;4.14.5&#8243; header_2_text_align=&#8221;center&#8221; header_2_text_color=&#8221;#ffffff&#8221; header_2_font_size=&#8221;36px&#8221; custom_margin=&#8221;||19px|||&#8221; hover_enabled=&#8221;0&#8243; header_2_font_size_tablet=&#8221;32px&#8221; header_2_font_size_phone=&#8221;30px&#8221; header_2_font_size_last_edited=&#8221;on|tablet&#8221; global_colors_info=&#8221;{}&#8221; sticky_enabled=&#8221;0&#8243;]<\/p>\n<h2>GuestFridge 29 &#8211; Puerta S\u00f3lida Negra<\/h2>\n<p>[\/et_pb_text][\/et_pb_column][\/et_pb_row][\/et_pb_section][et_pb_section fb_built=&#8221;1&#8243; _builder_version=&#8221;4.14.5&#8243; background_color=&#8221;#FFFFFF&#8221; use_background_color_gradient=&#8221;on&#8221; background_color_gradient_start=&#8221;rgba(255,255,255,0.94)&#8221; background_color_gradient_end=&#8221;rgba(255,255,255,0.2)&#8221; background_color_gradient_overlays_image=&#8221;on&#8221; background_image=&#8221;https:\/\/guestfridge.minibarsystems.com\/wp-content\/uploads\/2022\/07\/circuits-bgr-01-scaled.jpg&#8221; parallax=&#8221;on&#8221; parallax_method=&#8221;off&#8221; min_height=&#8221;691px&#8221; custom_padding=&#8221;75px||60px||false|false&#8221; custom_css_main_element=&#8221;background-repeat: no-repeat;||background-attachment: fixed;||background-position: center right;||background-size: initial;&#8221; global_colors_info=&#8221;{}&#8221;][et_pb_row column_structure=&#8221;1_2,1_2&#8243; use_custom_gutter=&#8221;on&#8221; gutter_width=&#8221;2&#8243; make_equal=&#8221;on&#8221; _builder_version=&#8221;4.14.5&#8243; use_background_color_gradient=&#8221;on&#8221; background_color_gradient_start=&#8221;rgba(255,255,255,0.85)&#8221; background_color_gradient_end=&#8221;rgba(255,255,255,0.85)&#8221; background_color_gradient_overlays_image=&#8221;on&#8221; background_image=&#8221;https:\/\/minibarsystems.com\/guestfridge.minibarsystems.com\/wp-content\/uploads\/2021\/03\/brg-02.jpg&#8221; custom_margin=&#8221;0px||||false|false&#8221; custom_padding=&#8221;50px|25px|150px|25px|false|false&#8221; border_width_all=&#8221;2px&#8221; border_color_all=&#8221;#FFFFFF&#8221; box_shadow_style=&#8221;preset3&#8243; locked=&#8221;off&#8221; global_colors_info=&#8221;{}&#8221;][et_pb_column type=&#8221;1_2&#8243; _builder_version=&#8221;4.9.2&#8243; global_colors_info=&#8221;{}&#8221; transform_styles__hover_enabled=&#8221;on|hover&#8221; transform_scale__hover_enabled=&#8221;on|hover&#8221; transform_translate__hover_enabled=&#8221;on|desktop&#8221; transform_rotate__hover_enabled=&#8221;on|desktop&#8221; transform_skew__hover_enabled=&#8221;on|desktop&#8221; transform_origin__hover_enabled=&#8221;on|desktop&#8221; transform_scale__hover=&#8221;98%|98%&#8221; box_shadow_blur__hover_enabled=&#8221;on|hover&#8221; box_shadow_blur__hover=&#8221;10px&#8221; box_shadow_color__hover_enabled=&#8221;on|hover&#8221; box_shadow_color__hover=&#8221;rgba(0,0,0,0.5)&#8221; box_shadow_vertical__hover_enabled=&#8221;on|desktop&#8221; box_shadow_vertical__hover=&#8221;2px&#8221;][et_pb_slider _builder_version=&#8221;4.14.5&#8243; _module_preset=&#8221;default&#8221; global_colors_info=&#8221;{}&#8221;][et_pb_slide image=&#8221;https:\/\/guestfridge.minibarsystems.com\/wp-content\/uploads\/2022\/08\/800-600-29-5.png&#8221; _builder_version=&#8221;4.14.5&#8243; _module_preset=&#8221;default&#8221; background_color=&#8221;RGBA(255,255,255,0)&#8221; background_enable_color=&#8221;on&#8221; custom_padding=&#8221;0px||||false|false&#8221; global_colors_info=&#8221;{}&#8221; sticky_transition=&#8221;on&#8221;][\/et_pb_slide][et_pb_slide image=&#8221;https:\/\/guestfridge.minibarsystems.com\/wp-content\/uploads\/2022\/08\/800-600-29-2.png&#8221; _builder_version=&#8221;4.14.5&#8243; _module_preset=&#8221;default&#8221; background_color=&#8221;RGBA(255,255,255,0)&#8221; background_enable_color=&#8221;on&#8221; custom_padding=&#8221;0px||||false|false&#8221; global_colors_info=&#8221;{}&#8221; sticky_transition=&#8221;on&#8221;][\/et_pb_slide][et_pb_slide image=&#8221;https:\/\/guestfridge.minibarsystems.com\/wp-content\/uploads\/2022\/08\/800-600-29-3.png&#8221; _builder_version=&#8221;4.14.5&#8243; _module_preset=&#8221;default&#8221; background_color=&#8221;RGBA(255,255,255,0)&#8221; background_enable_color=&#8221;on&#8221; custom_padding=&#8221;0px||||false|false&#8221; global_colors_info=&#8221;{}&#8221; sticky_transition=&#8221;on&#8221;][\/et_pb_slide][et_pb_slide image=&#8221;https:\/\/guestfridge.minibarsystems.com\/wp-content\/uploads\/2022\/08\/800-600-29-6.png&#8221; _builder_version=&#8221;4.14.5&#8243; _module_preset=&#8221;default&#8221; background_color=&#8221;RGBA(255,255,255,0)&#8221; background_enable_color=&#8221;on&#8221; custom_padding=&#8221;0px||||false|false&#8221; global_colors_info=&#8221;{}&#8221; sticky_transition=&#8221;on&#8221;][\/et_pb_slide][et_pb_slide image=&#8221;https:\/\/guestfridge.minibarsystems.com\/wp-content\/uploads\/2022\/08\/800-600-29-4.png&#8221; _builder_version=&#8221;4.14.5&#8243; _module_preset=&#8221;default&#8221; background_color=&#8221;RGBA(255,255,255,0)&#8221; background_enable_color=&#8221;on&#8221; custom_padding=&#8221;0px||||false|false&#8221; global_colors_info=&#8221;{}&#8221; sticky_transition=&#8221;on&#8221;][\/et_pb_slide][et_pb_slide image=&#8221;https:\/\/guestfridge.minibarsystems.com\/wp-content\/uploads\/2022\/08\/800-600-29-2.png&#8221; _builder_version=&#8221;4.14.5&#8243; _module_preset=&#8221;default&#8221; background_color=&#8221;RGBA(255,255,255,0)&#8221; background_enable_color=&#8221;on&#8221; custom_padding=&#8221;0px||||false|false&#8221; global_colors_info=&#8221;{}&#8221; sticky_transition=&#8221;on&#8221;][\/et_pb_slide][\/et_pb_slider][\/et_pb_column][et_pb_column type=&#8221;1_2&#8243; _builder_version=&#8221;4.9.2&#8243; global_colors_info=&#8221;{}&#8221; transform_styles__hover_enabled=&#8221;on|hover&#8221; transform_scale__hover_enabled=&#8221;on|hover&#8221; transform_translate__hover_enabled=&#8221;on|desktop&#8221; transform_rotate__hover_enabled=&#8221;on|desktop&#8221; transform_skew__hover_enabled=&#8221;on|desktop&#8221; transform_origin__hover_enabled=&#8221;on|desktop&#8221; transform_scale__hover=&#8221;98%|98%&#8221; box_shadow_blur__hover_enabled=&#8221;on|hover&#8221; box_shadow_blur__hover=&#8221;10px&#8221; box_shadow_color__hover_enabled=&#8221;on|hover&#8221; box_shadow_color__hover=&#8221;rgba(0,0,0,0.5)&#8221; box_shadow_vertical__hover_enabled=&#8221;on|desktop&#8221; box_shadow_vertical__hover=&#8221;2px&#8221;][et_pb_text _builder_version=&#8221;4.14.5&#8243; _module_preset=&#8221;default&#8221; custom_padding=&#8221;||||false|false&#8221; global_colors_info=&#8221;{}&#8221;]<\/p>\n<ul>\n<li>Frigor\u00edfico compacto con capacidad para 29 litros (1,0 pies c\u00fabicos)<\/li>\n<li>Compatible con ENERGY STAR<\/li>\n<li>Tecnolog\u00eda de compresor silencioso para un funcionamiento silencioso<\/li>\n<li>Refrigerante R600a respetuoso con el medio ambiente<\/li>\n<li>Descongelaci\u00f3n autom\u00e1tica<\/li>\n<li>1 estantes de alambre extra\u00edbles de media profundidad para una m\u00e1xima versatilidad de almacenamiento<\/li>\n<li>Almacenamiento de botellas altas: ideal para botellas de refresco grandes<\/li>\n<li>Sistema dispensador de bebidas CanStor<\/li>\n<li>Termostato mec\u00e1nico<\/li>\n<li>Encimera resistente a los ara\u00f1azos<\/li>\n<li>Tirador de puerta integrado<\/li>\n<li>Bisagra de puerta reversible<\/li>\n<li>Dise\u00f1o de espalda lisa<\/li>\n<\/ul>\n<p>[\/et_pb_text][\/et_pb_column][\/et_pb_row][et_pb_row column_structure=&#8221;1_3,1_3,1_3&#8243; use_custom_gutter=&#8221;on&#8221; gutter_width=&#8221;2&#8243; make_equal=&#8221;on&#8221; _builder_version=&#8221;4.14.5&#8243; _module_preset=&#8221;default&#8221; custom_margin=&#8221;-200px||10px||false|false&#8221; custom_padding=&#8221;25px|25px|25px|25px|false|false&#8221; locked=&#8221;off&#8221; global_colors_info=&#8221;{}&#8221;][et_pb_column type=&#8221;1_3&#8243; _builder_version=&#8221;4.9.2&#8243; _module_preset=&#8221;b66a162a-221e-4048-8062-94504d914c5f&#8221; global_colors_info=&#8221;{}&#8221;][et_pb_image src=&#8221;https:\/\/guestfridge.minibarsystems.com\/wp-content\/uploads\/2022\/08\/367-249-29-2.png&#8221; title_text=&#8221;367-249-29-2&#8243; _builder_version=&#8221;4.14.5&#8243; _module_preset=&#8221;default&#8221; global_colors_info=&#8221;{}&#8221;][\/et_pb_image][et_pb_text _builder_version=&#8221;4.14.5&#8243; _module_preset=&#8221;default&#8221; text_orientation=&#8221;center&#8221; custom_padding=&#8221;|10px|10px|10px|false|false&#8221; global_colors_info=&#8221;{}&#8221;]<\/p>\n<p>Termostato ajustable convenientemente situado en el interior<\/p>\n<p>[\/et_pb_text][\/et_pb_column][et_pb_column type=&#8221;1_3&#8243; _builder_version=&#8221;4.9.2&#8243; _module_preset=&#8221;b66a162a-221e-4048-8062-94504d914c5f&#8221; global_colors_info=&#8221;{}&#8221;][et_pb_image src=&#8221;https:\/\/guestfridge.minibarsystems.com\/wp-content\/uploads\/2022\/08\/367-249-29-1.png&#8221; title_text=&#8221;367-249-29-1&#8243; _builder_version=&#8221;4.14.5&#8243; _module_preset=&#8221;default&#8221; global_colors_info=&#8221;{}&#8221;][\/et_pb_image][et_pb_text _builder_version=&#8221;4.14.5&#8243; _module_preset=&#8221;default&#8221; text_orientation=&#8221;center&#8221; custom_padding=&#8221;|10px|10px|10px|false|false&#8221; hover_enabled=&#8221;0&#8243; global_colors_info=&#8221;{}&#8221; sticky_enabled=&#8221;0&#8243;]<\/p>\n<p>1 estantes de alambre extra\u00edbles de media profundidad para una m\u00e1xima versatilidad de almacenamiento<\/p>\n<p>[\/et_pb_text][\/et_pb_column][et_pb_column type=&#8221;1_3&#8243; _builder_version=&#8221;4.9.2&#8243; _module_preset=&#8221;b66a162a-221e-4048-8062-94504d914c5f&#8221; global_colors_info=&#8221;{}&#8221;][et_pb_image src=&#8221;https:\/\/guestfridge.minibarsystems.com\/wp-content\/uploads\/2022\/08\/367-249-29-3.png&#8221; title_text=&#8221;367-249-29-3&#8243; _builder_version=&#8221;4.14.5&#8243; _module_preset=&#8221;default&#8221; global_colors_info=&#8221;{}&#8221;][\/et_pb_image][et_pb_text _builder_version=&#8221;4.14.5&#8243; _module_preset=&#8221;default&#8221; text_orientation=&#8221;center&#8221; custom_padding=&#8221;|10px|10px|10px|false|false&#8221; global_colors_info=&#8221;{}&#8221;]<\/p>\n<p>Almacenamiento de botellas altas: ideal para botellas de refresco grandes<\/p>\n<p>[\/et_pb_text][\/et_pb_column][\/et_pb_row][\/et_pb_section][et_pb_section fb_built=&#8221;1&#8243; _builder_version=&#8221;4.9.2&#8243; _module_preset=&#8221;783607ad-fbcf-41b6-925a-c7f30d417632&#8243; global_colors_info=&#8221;{}&#8221;][et_pb_row _builder_version=&#8221;4.4.7&#8243; global_colors_info=&#8221;{}&#8221;][et_pb_column type=&#8221;4_4&#8243; _builder_version=&#8221;4.4.7&#8243; global_colors_info=&#8221;{}&#8221;][et_pb_text _builder_version=&#8221;4.9.2&#8243; header_2_text_align=&#8221;center&#8221; header_2_text_color=&#8221;#ffffff&#8221; header_2_font_size=&#8221;36px&#8221; custom_margin=&#8221;||19px|||&#8221; header_2_font_size_tablet=&#8221;32px&#8221; header_2_font_size_phone=&#8221;30px&#8221; header_2_font_size_last_edited=&#8221;on|tablet&#8221; global_colors_info=&#8221;{}&#8221;]<\/p>\n<h2>GuestFridge 29 &#8211; Caracter\u00edsticas y especificaciones<\/h2>\n<p>[\/et_pb_text][\/et_pb_column][\/et_pb_row][\/et_pb_section][et_pb_section fb_built=&#8221;1&#8243; _builder_version=&#8221;4.14.5&#8243; background_color=&#8221;#ffffff&#8221; use_background_color_gradient=&#8221;on&#8221; background_color_gradient_start=&#8221;rgba(255,255,255,0.9)&#8221; background_color_gradient_end=&#8221;rgba(255,255,255,0.2)&#8221; background_color_gradient_overlays_image=&#8221;on&#8221; background_image=&#8221;https:\/\/guestfridge.minibarsystems.com\/wp-content\/uploads\/2022\/07\/circuits-bgr-01-scaled.jpg&#8221; parallax=&#8221;on&#8221; parallax_method=&#8221;off&#8221; min_height=&#8221;691px&#8221; custom_padding=&#8221;75px||60px||false|false&#8221; custom_css_main_element=&#8221;background-repeat: no-repeat;||background-attachment: fixed;||background-position: center right;||background-size: initial;&#8221; global_colors_info=&#8221;{}&#8221;][et_pb_row column_structure=&#8221;1_2,1_2&#8243; use_custom_gutter=&#8221;on&#8221; gutter_width=&#8221;2&#8243; make_equal=&#8221;on&#8221; _builder_version=&#8221;4.14.5&#8243; background_size=&#8221;contain&#8221; custom_margin=&#8221;0px||||false|false&#8221; custom_padding=&#8221;1px|||||&#8221; custom_css_main_element=&#8221;background-repeat: no-repeat;||background-attachment: fixed;||background-position: center right;||background-size: initial;&#8221; border_radii=&#8221;off|12px|12px||&#8221; locked=&#8221;off&#8221; global_colors_info=&#8221;{}&#8221;][et_pb_column type=&#8221;1_2&#8243; _builder_version=&#8221;4.14.5&#8243; background_color=&#8221;#FFFFFF&#8221; use_background_color_gradient=&#8221;on&#8221; background_color_gradient_start=&#8221;rgba(255,255,255,0.67)&#8221; background_color_gradient_end=&#8221;rgba(255,255,255,0.51)&#8221; background_color_gradient_overlays_image=&#8221;on&#8221; background_image=&#8221;https:\/\/guestfridge.minibarsystems.com\/wp-content\/uploads\/2021\/03\/GuestFridge-Hero-01.jpg&#8221; parallax=&#8221;on&#8221; parallax_method=&#8221;off&#8221; custom_padding=&#8221;25px|25px|25px|25px|false|false&#8221; border_radii=&#8221;on|12px|12px|12px|12px&#8221; box_shadow_style=&#8221;preset3&#8243; global_colors_info=&#8221;{}&#8221; transform_styles__hover_enabled=&#8221;on|hover&#8221; transform_scale__hover_enabled=&#8221;on|hover&#8221; transform_translate__hover_enabled=&#8221;on|desktop&#8221; transform_rotate__hover_enabled=&#8221;on|desktop&#8221; transform_skew__hover_enabled=&#8221;on|desktop&#8221; transform_origin__hover_enabled=&#8221;on|desktop&#8221; box_shadow_blur__hover_enabled=&#8221;off|hover&#8221; box_shadow_blur__hover=&#8221;10px&#8221; box_shadow_color__hover_enabled=&#8221;on|hover&#8221; box_shadow_color__hover=&#8221;rgba(0,0,0,0.5)&#8221; box_shadow_vertical__hover_enabled=&#8221;off|hover&#8221; box_shadow_vertical__hover=&#8221;2px&#8221;][et_pb_text _builder_version=&#8221;4.14.5&#8243; header_3_font=&#8221;|600|||||||&#8221; header_3_font_size=&#8221;20px&#8221; custom_padding=&#8221;||5px|||&#8221; global_colors_info=&#8221;{}&#8221;]<\/p>\n<h3>Caracter\u00edsticas est\u00e1ndar<\/h3>\n<ul>\n<li>Cumple con Energy Star<\/li>\n<li>\n<div>Tecnolog\u00eda de compresor silencioso<\/div>\n<\/li>\n<li>Refrigerante R600a respetuoso con el medio ambiente<\/li>\n<li>\n<div>Estantes extra\u00edbles para facilitar la limpieza.<\/div>\n<\/li>\n<li>\n<div>Aislamiento t\u00e9rmico fabricado con ciclopentano ecol\u00f3gico<\/div>\n<\/li>\n<li>1 estanter\u00eda de alambre de media profundidad<\/li>\n<li>Dimensiones del estante: 3.35&#8243; (85mm)<\/li>\n<li>\n<div>Termostato regulable<\/div>\n<\/li>\n<li>\n<div>Bisagras de puerta resistentes convertibles de izquierda a derecha<\/div>\n<\/li>\n<li>\n<div>Sellos magn\u00e9ticos todo alrededor para mantener la puerta perfectamente cerrada<\/div>\n<\/li>\n<li>Almacenamiento de botellas altas: ideal para botellas de refresco grandes<\/li>\n<li>\n<div>Tirador de puerta integrado<\/div>\n<\/li>\n<li>Descongelaci\u00f3n autom\u00e1tica<\/li>\n<\/ul>\n<p><span style=\"font-size: .6em; line-height: .6;\">* No hay estantes de puerta disponibles en puertas de vidrio.<br \/>** Consumo medio de energ\u00eda por 24 horas, a una temperatura ambiente de 25 \u00b0 C (77 \u00b0 F) y una temperatura de refrigeraci\u00f3n de 7 \u00b0 C (44,6 \u00b0 F), de conformidad con la norma EN ISO 7371.<\/span><\/p>\n<p>[\/et_pb_text][\/et_pb_column][et_pb_column type=&#8221;1_2&#8243; module_class=&#8221;fade-out-siblings&#8221; _builder_version=&#8221;4.14.5&#8243; background_color=&#8221;#FFFFFF&#8221; use_background_color_gradient=&#8221;on&#8221; background_color_gradient_start=&#8221;rgba(255,255,255,0.67)&#8221; background_color_gradient_end=&#8221;rgba(255,255,255,0.51)&#8221; background_color_gradient_overlays_image=&#8221;on&#8221; background_image=&#8221;https:\/\/guestfridge.minibarsystems.com\/wp-content\/uploads\/2021\/03\/GuestFridge-Hero-01.jpg&#8221; parallax=&#8221;on&#8221; parallax_method=&#8221;off&#8221; custom_padding=&#8221;25px|25px|25px|25px|false|false&#8221; border_radii=&#8221;on|12px|12px|12px|12px&#8221; box_shadow_style=&#8221;preset3&#8243; global_colors_info=&#8221;{}&#8221; transform_styles__hover_enabled=&#8221;on|hover&#8221; box_shadow_blur__hover=&#8221;10px&#8221; box_shadow_blur__hover_enabled=&#8221;off|desktop&#8221; box_shadow_color__hover=&#8221;rgba(0,0,0,0.5)&#8221; box_shadow_color__hover_enabled=&#8221;on|hover&#8221; box_shadow_vertical__hover=&#8221;2px&#8221; box_shadow_vertical__hover_enabled=&#8221;off|desktop&#8221; transform_scale__hover_enabled=&#8221;on|hover&#8221; transform_translate__hover_enabled=&#8221;on|desktop&#8221; transform_rotate__hover_enabled=&#8221;on|desktop&#8221; transform_skew__hover_enabled=&#8221;on|desktop&#8221; transform_origin__hover_enabled=&#8221;on|desktop&#8221;][et_pb_text _builder_version=&#8221;4.6.1&#8243; header_3_font=&#8221;|600|||||||&#8221; header_3_font_size=&#8221;20px&#8221; global_colors_info=&#8221;{}&#8221;]<\/p>\n<h3>Especificaciones t\u00e9cnicas<\/h3>\n<p>[\/et_pb_text][et_pb_text _builder_version=&#8221;4.14.5&#8243; _module_preset=&#8221;default&#8221; text_font=&#8221;||||||||&#8221; text_font_size=&#8221;13px&#8221; text_line_height=&#8221;1.2em&#8221; global_colors_info=&#8221;{}&#8221;]<\/p>\n<table border=\"0\" style=\"width: 100%; border-collapse: collapse; border-style: hidden;\">\n<tbody>\n<tr style=\"border-style: hidden;\">\n<td style=\"width: 81.5384%; border-style: none;\"><\/td>\n<td style=\"width: 18.4616%; text-align: center;\">GuestFridge 29 SBD<\/td>\n<\/tr>\n<tr style=\"border-style: hidden;\">\n<td style=\"width: 81.5384%;\">Cumple con Energy Star<\/td>\n<td style=\"width: 18.4616%; text-align: center;\">S\u00ed<\/td>\n<\/tr>\n<tr style=\"border-style: hidden;\">\n<td style=\"width: 81.5384%;\">Tecnolog\u00eda de refrigeraci\u00f3n<\/td>\n<td style=\"width: 18.4616%; text-align: center;\">Compresor<\/td>\n<\/tr>\n<tr style=\"border-style: hidden;\">\n<td style=\"width: 81.5384%;\">Capacidad (litros \/ pies c\u00fabicos)<\/td>\n<td style=\"width: 18.4616%; text-align: center;\">29L \/ 1.0 Ft3<\/td>\n<\/tr>\n<tr style=\"border-style: hidden;\">\n<td style=\"width: 81.5384%;\">Dimensiones HxAxP (pulgadas)<br \/>(mm)<\/td>\n<td style=\"width: 18.4616%; text-align: center;\">19,3 x 15,1 x 16,14 (pulg.)<br \/>490 x 384 x 410 (mm)<\/td>\n<\/tr>\n<tr style=\"border-style: hidden;\">\n<td style=\"width: 81.5384%;\">Opciones de puerta<\/td>\n<td style=\"width: 18.4616%; text-align: center;\">Puerta negra s\u00f3lida<\/td>\n<\/tr>\n<tr style=\"border-style: hidden;\">\n<td style=\"width: 81.5384%;\">Bisagra de puerta<\/td>\n<td style=\"width: 18.4616%; text-align: center;\">Universal<\/td>\n<\/tr>\n<tr style=\"border-style: hidden;\">\n<td style=\"width: 81.5384%;\">Estantes de alambre \/ Estantes de puerta<\/td>\n<td style=\"width: 18.4616%; text-align: center;\">1 \/ 2<\/td>\n<\/tr>\n<tr style=\"border-style: hidden;\">\n<td style=\"width: 81.5384%;\">Vatios (W)<\/td>\n<td style=\"width: 18.4616%; text-align: center;\">50W<\/td>\n<\/tr>\n<tr style=\"border-style: hidden;\">\n<td style=\"width: 81.5384%;\">Tensi\u00f3n (V) \/ Frecuencia (Hz)<\/td>\n<td style=\"width: 18.4616%; text-align: center;\">110V \/ 60Hz<br \/>220V \/ 50Hz<\/td>\n<\/tr>\n<tr style=\"border-style: hidden;\">\n<td style=\"width: 81.5384%;\">Consumo de energ\u00eda<\/td>\n<td style=\"width: 18.4616%; text-align: center;\">0,65 kWh\/24 h*.<\/td>\n<\/tr>\n<tr style=\"border-style: hidden;\">\n<td style=\"width: 81.5384%;\">Peso neto (lbs \/ kgs)<\/td>\n<td style=\"width: 18.4616%; text-align: center;\">31lbs \/ 14kgs<\/td>\n<\/tr>\n<tr style=\"border-style: hidden;\">\n<td style=\"width: 81.5384%;\">Rango de temperatura (\u00b0F \/ \u00b0C)<\/td>\n<td style=\"width: 18.4616%; text-align: center;\">32-50\u00b0F \/ 0-10\u00b0C<\/td>\n<\/tr>\n<tr style=\"border-style: hidden;\">\n<td style=\"width: 81.5384%;\">Nivel de ruido (dB)<\/td>\n<td style=\"width: 18.4616%; text-align: center;\">\u226439dB(A)<\/td>\n<\/tr>\n<tr style=\"border-style: hidden;\">\n<td style=\"width: 81.5384%;\">Descongelar<\/td>\n<td style=\"width: 18.4616%; text-align: center;\">Autom\u00e1tico<\/td>\n<\/tr>\n<tr style=\"border-style: hidden;\">\n<td style=\"width: 81.5384%;\">Luz interior<\/td>\n<td style=\"width: 18.4616%; text-align: center;\">No<\/td>\n<\/tr>\n<tr style=\"border-style: hidden;\">\n<td style=\"width: 81.5384%;\">Certificaciones:<\/td>\n<td style=\"width: 18.4616%; text-align: center;\">CCC\/CB\/CETL\/CE\/GS\/RoHS\/UL\/CSA<br \/>ISO 9001 2008\/ISO 14001 2004<\/td>\n<\/tr>\n<\/tbody>\n<\/table>\n<p>&nbsp;<\/p>\n<p>[\/et_pb_text][\/et_pb_column][\/et_pb_row][et_pb_row column_structure=&#8221;1_3,1_3,1_3&#8243; _builder_version=&#8221;4.14.5&#8243; _module_preset=&#8221;default&#8221; locked=&#8221;off&#8221; global_colors_info=&#8221;{}&#8221;][et_pb_column type=&#8221;1_3&#8243; _builder_version=&#8221;4.14.5&#8243; _module_preset=&#8221;default&#8221; global_colors_info=&#8221;{}&#8221;][et_pb_button button_url=&#8221;https:\/\/guestfridge.minibarsystems.com\/wp-content\/uploads\/2022\/08\/DOC0290_GuestFridge_Users_Guide_XingX-Rev-1.pdf&#8221; url_new_window=&#8221;on&#8221; button_text=&#8221;Manual del propietario (PDF)&#8221; _builder_version=&#8221;4.14.5&#8243; _module_preset=&#8221;default&#8221; button_border_radius=&#8221;9px&#8221; global_colors_info=&#8221;{}&#8221;][\/et_pb_button][\/et_pb_column][et_pb_column type=&#8221;1_3&#8243; _builder_version=&#8221;4.14.5&#8243; _module_preset=&#8221;default&#8221; global_colors_info=&#8221;{}&#8221;][et_pb_button button_url=&#8221;https:\/\/guestfridge.minibarsystems.com\/wp-content\/uploads\/2022\/08\/GF-29-Energy-Guide.pdf&#8221; url_new_window=&#8221;on&#8221; button_text=&#8221;Gu\u00eda de la energ\u00eda (PDF)&#8221; _builder_version=&#8221;4.14.5&#8243; _module_preset=&#8221;default&#8221; button_border_radius=&#8221;9px&#8221; global_colors_info=&#8221;{}&#8221;][\/et_pb_button][\/et_pb_column][et_pb_column type=&#8221;1_3&#8243; _builder_version=&#8221;4.14.5&#8243; _module_preset=&#8221;default&#8221; global_colors_info=&#8221;{}&#8221;][et_pb_button button_url=&#8221;https:\/\/guestfridge.minibarsystems.com\/wp-content\/uploads\/2022\/02\/DOC0199_GuestFridge-29-SBD.pdf&#8221; url_new_window=&#8221;on&#8221; button_text=&#8221;Hoja de corte del producto (PDF)&#8221; _builder_version=&#8221;4.14.5&#8243; _module_preset=&#8221;default&#8221; button_border_radius=&#8221;9px&#8221; global_colors_info=&#8221;{}&#8221;][\/et_pb_button][\/et_pb_column][\/et_pb_row][\/et_pb_section]<\/p>\n","protected":false},"excerpt":{"rendered":"<p>GuestFridge 29 &#8211; Puerta S\u00f3lida Negra Frigor\u00edfico compacto con capacidad para 29 litros (1,0 pies c\u00fabicos) Compatible con ENERGY STAR Tecnolog\u00eda de compresor silencioso para un funcionamiento silencioso Refrigerante R600a respetuoso con el medio ambiente Descongelaci\u00f3n autom\u00e1tica 1 estantes de alambre extra\u00edbles de media profundidad para una m\u00e1xima versatilidad de almacenamiento Almacenamiento de botellas altas: [&hellip;]<\/p>\n","protected":false},"author":5,"featured_media":0,"parent":0,"menu_order":0,"comment_status":"closed","ping_status":"closed","template":"","meta":{"_et_pb_use_builder":"on","_et_pb_old_content":"","_et_gb_content_width":"","footnotes":""},"class_list":["post-2711","page","type-page","status-publish","hentry"],"_links":{"self":[{"href":"https:\/\/guestfridge.minibarsystems.com\/es\/wp-json\/wp\/v2\/pages\/2711","targetHints":{"allow":["GET"]}}],"collection":[{"href":"https:\/\/guestfridge.minibarsystems.com\/es\/wp-json\/wp\/v2\/pages"}],"about":[{"href":"https:\/\/guestfridge.minibarsystems.com\/es\/wp-json\/wp\/v2\/types\/page"}],"author":[{"embeddable":true,"href":"https:\/\/guestfridge.minibarsystems.com\/es\/wp-json\/wp\/v2\/users\/5"}],"replies":[{"embeddable":true,"href":"https:\/\/guestfridge.minibarsystems.com\/es\/wp-json\/wp\/v2\/comments?post=2711"}],"version-history":[{"count":10,"href":"https:\/\/guestfridge.minibarsystems.com\/es\/wp-json\/wp\/v2\/pages\/2711\/revisions"}],"predecessor-version":[{"id":2777,"href":"https:\/\/guestfridge.minibarsystems.com\/es\/wp-json\/wp\/v2\/pages\/2711\/revisions\/2777"}],"wp:attachment":[{"href":"https:\/\/guestfridge.minibarsystems.com\/es\/wp-json\/wp\/v2\/media?parent=2711"}],"curies":[{"name":"wp","href":"https:\/\/api.w.org\/{rel}","templated":true}]}}