{"id":2773,"date":"2023-11-06T17:33:21","date_gmt":"2023-11-06T17:33:21","guid":{"rendered":"https:\/\/guestfridge.minibarsystems.com\/guestfridge-29-massive-schwarze-tuer\/"},"modified":"2023-11-06T17:33:23","modified_gmt":"2023-11-06T17:33:23","slug":"guestfridge-29-massive-schwarze-tuer","status":"publish","type":"page","link":"https:\/\/guestfridge.minibarsystems.com\/de\/guestfridge-29-massive-schwarze-tuer\/","title":{"rendered":"GuestFridge 29 &#8211; Massive schwarze T\u00fcr"},"content":{"rendered":"<p>[et_pb_section fb_built=&#8221;1&#8243; _builder_version=&#8221;4.9.2&#8243; _module_preset=&#8221;783607ad-fbcf-41b6-925a-c7f30d417632&#8243; global_colors_info=&#8221;{}&#8221;][et_pb_row _builder_version=&#8221;4.4.7&#8243; global_colors_info=&#8221;{}&#8221;][et_pb_column type=&#8221;4_4&#8243; _builder_version=&#8221;4.4.7&#8243; global_colors_info=&#8221;{}&#8221;][et_pb_text _builder_version=&#8221;4.14.5&#8243; header_2_text_align=&#8221;center&#8221; header_2_text_color=&#8221;#ffffff&#8221; header_2_font_size=&#8221;36px&#8221; custom_margin=&#8221;||19px|||&#8221; hover_enabled=&#8221;0&#8243; header_2_font_size_tablet=&#8221;32px&#8221; header_2_font_size_phone=&#8221;30px&#8221; header_2_font_size_last_edited=&#8221;on|tablet&#8221; global_colors_info=&#8221;{}&#8221; sticky_enabled=&#8221;0&#8243;]<\/p>\n<h2>GuestFridge 29 &#8211; Massive schwarze T\u00fcr<\/h2>\n<p>[\/et_pb_text][\/et_pb_column][\/et_pb_row][\/et_pb_section][et_pb_section fb_built=&#8221;1&#8243; _builder_version=&#8221;4.14.5&#8243; background_color=&#8221;#FFFFFF&#8221; use_background_color_gradient=&#8221;on&#8221; background_color_gradient_start=&#8221;rgba(255,255,255,0.94)&#8221; background_color_gradient_end=&#8221;rgba(255,255,255,0.2)&#8221; background_color_gradient_overlays_image=&#8221;on&#8221; background_image=&#8221;https:\/\/guestfridge.minibarsystems.com\/wp-content\/uploads\/2022\/07\/circuits-bgr-01-scaled.jpg&#8221; parallax=&#8221;on&#8221; parallax_method=&#8221;off&#8221; min_height=&#8221;691px&#8221; custom_padding=&#8221;75px||60px||false|false&#8221; custom_css_main_element=&#8221;background-repeat: no-repeat;||background-attachment: fixed;||background-position: center right;||background-size: initial;&#8221; global_colors_info=&#8221;{}&#8221;][et_pb_row column_structure=&#8221;1_2,1_2&#8243; use_custom_gutter=&#8221;on&#8221; gutter_width=&#8221;2&#8243; make_equal=&#8221;on&#8221; _builder_version=&#8221;4.14.5&#8243; use_background_color_gradient=&#8221;on&#8221; background_color_gradient_start=&#8221;rgba(255,255,255,0.85)&#8221; background_color_gradient_end=&#8221;rgba(255,255,255,0.85)&#8221; background_color_gradient_overlays_image=&#8221;on&#8221; background_image=&#8221;https:\/\/minibarsystems.com\/guestfridge.minibarsystems.com\/wp-content\/uploads\/2021\/03\/brg-02.jpg&#8221; custom_margin=&#8221;0px||||false|false&#8221; custom_padding=&#8221;50px|25px|150px|25px|false|false&#8221; border_width_all=&#8221;2px&#8221; border_color_all=&#8221;#FFFFFF&#8221; box_shadow_style=&#8221;preset3&#8243; locked=&#8221;off&#8221; global_colors_info=&#8221;{}&#8221;][et_pb_column type=&#8221;1_2&#8243; _builder_version=&#8221;4.9.2&#8243; global_colors_info=&#8221;{}&#8221; transform_styles__hover_enabled=&#8221;on|hover&#8221; transform_scale__hover_enabled=&#8221;on|hover&#8221; transform_translate__hover_enabled=&#8221;on|desktop&#8221; transform_rotate__hover_enabled=&#8221;on|desktop&#8221; transform_skew__hover_enabled=&#8221;on|desktop&#8221; transform_origin__hover_enabled=&#8221;on|desktop&#8221; transform_scale__hover=&#8221;98%|98%&#8221; box_shadow_blur__hover_enabled=&#8221;on|hover&#8221; box_shadow_blur__hover=&#8221;10px&#8221; box_shadow_color__hover_enabled=&#8221;on|hover&#8221; box_shadow_color__hover=&#8221;rgba(0,0,0,0.5)&#8221; box_shadow_vertical__hover_enabled=&#8221;on|desktop&#8221; box_shadow_vertical__hover=&#8221;2px&#8221;][et_pb_slider _builder_version=&#8221;4.14.5&#8243; _module_preset=&#8221;default&#8221; global_colors_info=&#8221;{}&#8221;][et_pb_slide image=&#8221;https:\/\/guestfridge.minibarsystems.com\/wp-content\/uploads\/2022\/08\/800-600-29-5.png&#8221; _builder_version=&#8221;4.14.5&#8243; _module_preset=&#8221;default&#8221; background_color=&#8221;RGBA(255,255,255,0)&#8221; background_enable_color=&#8221;on&#8221; custom_padding=&#8221;0px||||false|false&#8221; global_colors_info=&#8221;{}&#8221; sticky_transition=&#8221;on&#8221;][\/et_pb_slide][et_pb_slide image=&#8221;https:\/\/guestfridge.minibarsystems.com\/wp-content\/uploads\/2022\/08\/800-600-29-2.png&#8221; _builder_version=&#8221;4.14.5&#8243; _module_preset=&#8221;default&#8221; background_color=&#8221;RGBA(255,255,255,0)&#8221; background_enable_color=&#8221;on&#8221; custom_padding=&#8221;0px||||false|false&#8221; global_colors_info=&#8221;{}&#8221; sticky_transition=&#8221;on&#8221;][\/et_pb_slide][et_pb_slide image=&#8221;https:\/\/guestfridge.minibarsystems.com\/wp-content\/uploads\/2022\/08\/800-600-29-3.png&#8221; _builder_version=&#8221;4.14.5&#8243; _module_preset=&#8221;default&#8221; background_color=&#8221;RGBA(255,255,255,0)&#8221; background_enable_color=&#8221;on&#8221; custom_padding=&#8221;0px||||false|false&#8221; global_colors_info=&#8221;{}&#8221; sticky_transition=&#8221;on&#8221;][\/et_pb_slide][et_pb_slide image=&#8221;https:\/\/guestfridge.minibarsystems.com\/wp-content\/uploads\/2022\/08\/800-600-29-6.png&#8221; _builder_version=&#8221;4.14.5&#8243; _module_preset=&#8221;default&#8221; background_color=&#8221;RGBA(255,255,255,0)&#8221; background_enable_color=&#8221;on&#8221; custom_padding=&#8221;0px||||false|false&#8221; global_colors_info=&#8221;{}&#8221; sticky_transition=&#8221;on&#8221;][\/et_pb_slide][et_pb_slide image=&#8221;https:\/\/guestfridge.minibarsystems.com\/wp-content\/uploads\/2022\/08\/800-600-29-4.png&#8221; _builder_version=&#8221;4.14.5&#8243; _module_preset=&#8221;default&#8221; background_color=&#8221;RGBA(255,255,255,0)&#8221; background_enable_color=&#8221;on&#8221; custom_padding=&#8221;0px||||false|false&#8221; global_colors_info=&#8221;{}&#8221; sticky_transition=&#8221;on&#8221;][\/et_pb_slide][et_pb_slide image=&#8221;https:\/\/guestfridge.minibarsystems.com\/wp-content\/uploads\/2022\/08\/800-600-29-2.png&#8221; _builder_version=&#8221;4.14.5&#8243; _module_preset=&#8221;default&#8221; background_color=&#8221;RGBA(255,255,255,0)&#8221; background_enable_color=&#8221;on&#8221; custom_padding=&#8221;0px||||false|false&#8221; global_colors_info=&#8221;{}&#8221; sticky_transition=&#8221;on&#8221;][\/et_pb_slide][\/et_pb_slider][\/et_pb_column][et_pb_column type=&#8221;1_2&#8243; _builder_version=&#8221;4.9.2&#8243; global_colors_info=&#8221;{}&#8221; transform_styles__hover_enabled=&#8221;on|hover&#8221; transform_scale__hover_enabled=&#8221;on|hover&#8221; transform_translate__hover_enabled=&#8221;on|desktop&#8221; transform_rotate__hover_enabled=&#8221;on|desktop&#8221; transform_skew__hover_enabled=&#8221;on|desktop&#8221; transform_origin__hover_enabled=&#8221;on|desktop&#8221; transform_scale__hover=&#8221;98%|98%&#8221; box_shadow_blur__hover_enabled=&#8221;on|hover&#8221; box_shadow_blur__hover=&#8221;10px&#8221; box_shadow_color__hover_enabled=&#8221;on|hover&#8221; box_shadow_color__hover=&#8221;rgba(0,0,0,0.5)&#8221; box_shadow_vertical__hover_enabled=&#8221;on|desktop&#8221; box_shadow_vertical__hover=&#8221;2px&#8221;][et_pb_text _builder_version=&#8221;4.14.5&#8243; _module_preset=&#8221;default&#8221; custom_padding=&#8221;||||false|false&#8221; global_colors_info=&#8221;{}&#8221;]<\/p>\n<ul>\n<li>Kompaktk\u00fchlschrank mit 29 l Fassungsverm\u00f6gen (1,0 Kubikfu\u00df)<\/li>\n<li>ENERGY STAR\u00ae-konform<\/li>\n<li>Silent-Kompressor-Technologie f\u00fcr leisen Betrieb<\/li>\n<li>Umweltfreundliches K\u00e4ltemittel R600a<\/li>\n<li>Automatisches Abtauen<\/li>\n<li>1 halbtiefe, herausnehmbare Drahtb\u00f6den f\u00fcr maximale Stauraumvielfalt<\/li>\n<li>Gro\u00dfe Flaschenaufbewahrung &#8211; ideal f\u00fcr gro\u00dfe Limonadenflaschen<\/li>\n<li>CanStor\u00ae-Getr\u00e4nkeschankanlage<\/li>\n<li>Mechanischer Thermostat<\/li>\n<li>Kratzfeste Arbeitsplatte<\/li>\n<li>Integrierter T\u00fcrgriff<\/li>\n<li>Umkehrbares T\u00fcrscharnier<\/li>\n<li>Glattes R\u00fcckendesign<\/li>\n<\/ul>\n<p>[\/et_pb_text][\/et_pb_column][\/et_pb_row][et_pb_row column_structure=&#8221;1_3,1_3,1_3&#8243; use_custom_gutter=&#8221;on&#8221; gutter_width=&#8221;2&#8243; make_equal=&#8221;on&#8221; _builder_version=&#8221;4.14.5&#8243; _module_preset=&#8221;default&#8221; custom_margin=&#8221;-200px||10px||false|false&#8221; custom_padding=&#8221;25px|25px|25px|25px|false|false&#8221; locked=&#8221;off&#8221; global_colors_info=&#8221;{}&#8221;][et_pb_column type=&#8221;1_3&#8243; _builder_version=&#8221;4.9.2&#8243; _module_preset=&#8221;b66a162a-221e-4048-8062-94504d914c5f&#8221; global_colors_info=&#8221;{}&#8221;][et_pb_image src=&#8221;https:\/\/guestfridge.minibarsystems.com\/wp-content\/uploads\/2022\/08\/367-249-29-2.png&#8221; title_text=&#8221;367-249-29-2&#8243; _builder_version=&#8221;4.14.5&#8243; _module_preset=&#8221;default&#8221; global_colors_info=&#8221;{}&#8221;][\/et_pb_image][et_pb_text _builder_version=&#8221;4.14.5&#8243; _module_preset=&#8221;default&#8221; text_orientation=&#8221;center&#8221; custom_padding=&#8221;|10px|10px|10px|false|false&#8221; global_colors_info=&#8221;{}&#8221;]<\/p>\n<p>Einstellbarer Thermostat im Inneren<\/p>\n<p>[\/et_pb_text][\/et_pb_column][et_pb_column type=&#8221;1_3&#8243; _builder_version=&#8221;4.9.2&#8243; _module_preset=&#8221;b66a162a-221e-4048-8062-94504d914c5f&#8221; global_colors_info=&#8221;{}&#8221;][et_pb_image src=&#8221;https:\/\/guestfridge.minibarsystems.com\/wp-content\/uploads\/2022\/08\/367-249-29-1.png&#8221; title_text=&#8221;367-249-29-1&#8243; _builder_version=&#8221;4.14.5&#8243; _module_preset=&#8221;default&#8221; global_colors_info=&#8221;{}&#8221;][\/et_pb_image][et_pb_text _builder_version=&#8221;4.14.5&#8243; _module_preset=&#8221;default&#8221; text_orientation=&#8221;center&#8221; custom_padding=&#8221;|10px|10px|10px|false|false&#8221; hover_enabled=&#8221;0&#8243; global_colors_info=&#8221;{}&#8221; sticky_enabled=&#8221;0&#8243;]<\/p>\n<p>1 halbtiefe, herausnehmbare Drahtb\u00f6den f\u00fcr maximale Stauraumvielfalt<\/p>\n<p>[\/et_pb_text][\/et_pb_column][et_pb_column type=&#8221;1_3&#8243; _builder_version=&#8221;4.9.2&#8243; _module_preset=&#8221;b66a162a-221e-4048-8062-94504d914c5f&#8221; global_colors_info=&#8221;{}&#8221;][et_pb_image src=&#8221;https:\/\/guestfridge.minibarsystems.com\/wp-content\/uploads\/2022\/08\/367-249-29-3.png&#8221; title_text=&#8221;367-249-29-3&#8243; _builder_version=&#8221;4.14.5&#8243; _module_preset=&#8221;default&#8221; global_colors_info=&#8221;{}&#8221;][\/et_pb_image][et_pb_text _builder_version=&#8221;4.14.5&#8243; _module_preset=&#8221;default&#8221; text_orientation=&#8221;center&#8221; custom_padding=&#8221;|10px|10px|10px|false|false&#8221; global_colors_info=&#8221;{}&#8221;]<\/p>\n<p>Gro\u00dfe Flaschenaufbewahrung &#8211; ideal f\u00fcr gro\u00dfe Limonadenflaschen<\/p>\n<p>[\/et_pb_text][\/et_pb_column][\/et_pb_row][\/et_pb_section][et_pb_section fb_built=&#8221;1&#8243; _builder_version=&#8221;4.9.2&#8243; _module_preset=&#8221;783607ad-fbcf-41b6-925a-c7f30d417632&#8243; global_colors_info=&#8221;{}&#8221;][et_pb_row _builder_version=&#8221;4.4.7&#8243; global_colors_info=&#8221;{}&#8221;][et_pb_column type=&#8221;4_4&#8243; _builder_version=&#8221;4.4.7&#8243; global_colors_info=&#8221;{}&#8221;][et_pb_text _builder_version=&#8221;4.9.2&#8243; header_2_text_align=&#8221;center&#8221; header_2_text_color=&#8221;#ffffff&#8221; header_2_font_size=&#8221;36px&#8221; custom_margin=&#8221;||19px|||&#8221; header_2_font_size_tablet=&#8221;32px&#8221; header_2_font_size_phone=&#8221;30px&#8221; header_2_font_size_last_edited=&#8221;on|tablet&#8221; global_colors_info=&#8221;{}&#8221;]<\/p>\n<h2>GuestFridge 29 &#8211; Merkmale und Spezifikationen<\/h2>\n<p>[\/et_pb_text][\/et_pb_column][\/et_pb_row][\/et_pb_section][et_pb_section fb_built=&#8221;1&#8243; _builder_version=&#8221;4.14.5&#8243; background_color=&#8221;#ffffff&#8221; use_background_color_gradient=&#8221;on&#8221; background_color_gradient_start=&#8221;rgba(255,255,255,0.9)&#8221; background_color_gradient_end=&#8221;rgba(255,255,255,0.2)&#8221; background_color_gradient_overlays_image=&#8221;on&#8221; background_image=&#8221;https:\/\/guestfridge.minibarsystems.com\/wp-content\/uploads\/2022\/07\/circuits-bgr-01-scaled.jpg&#8221; parallax=&#8221;on&#8221; parallax_method=&#8221;off&#8221; min_height=&#8221;691px&#8221; custom_padding=&#8221;75px||60px||false|false&#8221; custom_css_main_element=&#8221;background-repeat: no-repeat;||background-attachment: fixed;||background-position: center right;||background-size: initial;&#8221; global_colors_info=&#8221;{}&#8221;][et_pb_row column_structure=&#8221;1_2,1_2&#8243; use_custom_gutter=&#8221;on&#8221; gutter_width=&#8221;2&#8243; make_equal=&#8221;on&#8221; _builder_version=&#8221;4.14.5&#8243; background_size=&#8221;contain&#8221; custom_margin=&#8221;0px||||false|false&#8221; custom_padding=&#8221;1px|||||&#8221; custom_css_main_element=&#8221;background-repeat: no-repeat;||background-attachment: fixed;||background-position: center right;||background-size: initial;&#8221; border_radii=&#8221;off|12px|12px||&#8221; locked=&#8221;off&#8221; global_colors_info=&#8221;{}&#8221;][et_pb_column type=&#8221;1_2&#8243; _builder_version=&#8221;4.14.5&#8243; background_color=&#8221;#FFFFFF&#8221; use_background_color_gradient=&#8221;on&#8221; background_color_gradient_start=&#8221;rgba(255,255,255,0.67)&#8221; background_color_gradient_end=&#8221;rgba(255,255,255,0.51)&#8221; background_color_gradient_overlays_image=&#8221;on&#8221; background_image=&#8221;https:\/\/guestfridge.minibarsystems.com\/wp-content\/uploads\/2021\/03\/GuestFridge-Hero-01.jpg&#8221; parallax=&#8221;on&#8221; parallax_method=&#8221;off&#8221; custom_padding=&#8221;25px|25px|25px|25px|false|false&#8221; border_radii=&#8221;on|12px|12px|12px|12px&#8221; box_shadow_style=&#8221;preset3&#8243; global_colors_info=&#8221;{}&#8221; transform_styles__hover_enabled=&#8221;on|hover&#8221; transform_scale__hover_enabled=&#8221;on|hover&#8221; transform_translate__hover_enabled=&#8221;on|desktop&#8221; transform_rotate__hover_enabled=&#8221;on|desktop&#8221; transform_skew__hover_enabled=&#8221;on|desktop&#8221; transform_origin__hover_enabled=&#8221;on|desktop&#8221; box_shadow_blur__hover_enabled=&#8221;off|hover&#8221; box_shadow_blur__hover=&#8221;10px&#8221; box_shadow_color__hover_enabled=&#8221;on|hover&#8221; box_shadow_color__hover=&#8221;rgba(0,0,0,0.5)&#8221; box_shadow_vertical__hover_enabled=&#8221;off|hover&#8221; box_shadow_vertical__hover=&#8221;2px&#8221;][et_pb_text _builder_version=&#8221;4.14.5&#8243; header_3_font=&#8221;|600|||||||&#8221; header_3_font_size=&#8221;20px&#8221; custom_padding=&#8221;||5px|||&#8221; global_colors_info=&#8221;{}&#8221;]<\/p>\n<h3>Standartfunktionen<\/h3>\n<ul>\n<li>Energy Star\u00ae-konform<\/li>\n<li>\n<div>Leise Kompressortechnologie<\/div>\n<\/li>\n<li>Umweltfreundliches K\u00e4ltemittel R600a<\/li>\n<li>\n<div>Abnehmbare Regale f\u00fcr eine einfache Reinigung<\/div>\n<\/li>\n<li>\n<div>W\u00e4rmed\u00e4mmung aus umweltfreundlichem Cyclopentan<\/div>\n<\/li>\n<li>1 Drahtregal mit halber Tiefe<\/li>\n<li>Abmessungen des Regals: 3,35&#8243; (85mm)<\/li>\n<li>\n<div>Einstellbarer Thermostat<\/div>\n<\/li>\n<li>\n<div>Starke T\u00fcrscharniere umr\u00fcstbar von links nach rechts<\/div>\n<\/li>\n<li>\n<div>Allround-Magnetdichtungen halten die T\u00fcr perfekt geschlossen<\/div>\n<\/li>\n<li>Gro\u00dfe Flaschenaufbewahrung &#8211; ideal f\u00fcr gro\u00dfe Limonadenflaschen<\/li>\n<li>\n<div>Integrierter T\u00fcrgriff<\/div>\n<\/li>\n<li>Automatisches Abtauen<\/li>\n<\/ul>\n<p><span style=\"font-size: .6em; line-height: .6;\">* Bei Glast\u00fcren sind keine T\u00fcrst\u00e4nder verf\u00fcgbar<br \/>** Durchschnittlicher Energieverbrauch pro 24 Stunden bei 25 \u00b0 C Umgebungstemperatur und 7 \u00b0 C K\u00fchltemperatur gem\u00e4\u00df EN ISO 7371.<\/span><\/p>\n<p>[\/et_pb_text][\/et_pb_column][et_pb_column type=&#8221;1_2&#8243; module_class=&#8221;fade-out-siblings&#8221; _builder_version=&#8221;4.14.5&#8243; background_color=&#8221;#FFFFFF&#8221; use_background_color_gradient=&#8221;on&#8221; background_color_gradient_start=&#8221;rgba(255,255,255,0.67)&#8221; background_color_gradient_end=&#8221;rgba(255,255,255,0.51)&#8221; background_color_gradient_overlays_image=&#8221;on&#8221; background_image=&#8221;https:\/\/guestfridge.minibarsystems.com\/wp-content\/uploads\/2021\/03\/GuestFridge-Hero-01.jpg&#8221; parallax=&#8221;on&#8221; parallax_method=&#8221;off&#8221; custom_padding=&#8221;25px|25px|25px|25px|false|false&#8221; border_radii=&#8221;on|12px|12px|12px|12px&#8221; box_shadow_style=&#8221;preset3&#8243; global_colors_info=&#8221;{}&#8221; transform_styles__hover_enabled=&#8221;on|hover&#8221; box_shadow_blur__hover=&#8221;10px&#8221; box_shadow_blur__hover_enabled=&#8221;off|desktop&#8221; box_shadow_color__hover=&#8221;rgba(0,0,0,0.5)&#8221; box_shadow_color__hover_enabled=&#8221;on|hover&#8221; box_shadow_vertical__hover=&#8221;2px&#8221; box_shadow_vertical__hover_enabled=&#8221;off|desktop&#8221; transform_scale__hover_enabled=&#8221;on|hover&#8221; transform_translate__hover_enabled=&#8221;on|desktop&#8221; transform_rotate__hover_enabled=&#8221;on|desktop&#8221; transform_skew__hover_enabled=&#8221;on|desktop&#8221; transform_origin__hover_enabled=&#8221;on|desktop&#8221;][et_pb_text _builder_version=&#8221;4.6.1&#8243; header_3_font=&#8221;|600|||||||&#8221; header_3_font_size=&#8221;20px&#8221; global_colors_info=&#8221;{}&#8221;]<\/p>\n<h3>Technische Spezifikationen<\/h3>\n<p>[\/et_pb_text][et_pb_text _builder_version=&#8221;4.14.5&#8243; _module_preset=&#8221;default&#8221; text_font=&#8221;||||||||&#8221; text_font_size=&#8221;13px&#8221; text_line_height=&#8221;1.2em&#8221; global_colors_info=&#8221;{}&#8221;]<\/p>\n<table border=\"0\" style=\"width: 100%; border-collapse: collapse; border-style: hidden;\">\n<tbody>\n<tr style=\"border-style: hidden;\">\n<td style=\"width: 81.5384%; border-style: none;\"><\/td>\n<td style=\"width: 18.4616%; text-align: center;\">G\u00e4stefrosch 29 SBD<\/td>\n<\/tr>\n<tr style=\"border-style: hidden;\">\n<td style=\"width: 81.5384%;\">Energy Star\u00ae-konform<\/td>\n<td style=\"width: 18.4616%; text-align: center;\">Ja<\/td>\n<\/tr>\n<tr style=\"border-style: hidden;\">\n<td style=\"width: 81.5384%;\">K\u00fchltechnik<\/td>\n<td style=\"width: 18.4616%; text-align: center;\">Kompressor<\/td>\n<\/tr>\n<tr style=\"border-style: hidden;\">\n<td style=\"width: 81.5384%;\">Kapazit\u00e4t (Liter \/ Kubikfu\u00df)<\/td>\n<td style=\"width: 18.4616%; text-align: center;\">29L \/ 1.0 Ft3<\/td>\n<\/tr>\n<tr style=\"border-style: hidden;\">\n<td style=\"width: 81.5384%;\">Abmessungen HxBxT (Zoll)<br \/>(mm)<\/td>\n<td style=\"width: 18.4616%; text-align: center;\">19,3 x 15,1 x 16,14 (Zoll)<br \/>490 x 384 x 410 (mm)<\/td>\n<\/tr>\n<tr style=\"border-style: hidden;\">\n<td style=\"width: 81.5384%;\">T\u00fcroptionen<\/td>\n<td style=\"width: 18.4616%; text-align: center;\">Feste schwarze T\u00fcr<\/td>\n<\/tr>\n<tr style=\"border-style: hidden;\">\n<td style=\"width: 81.5384%;\">T\u00fcrscharnier<\/td>\n<td style=\"width: 18.4616%; text-align: center;\">Universal<\/td>\n<\/tr>\n<tr style=\"border-style: hidden;\">\n<td style=\"width: 81.5384%;\">Drahtregale \/ T\u00fcrregale<\/td>\n<td style=\"width: 18.4616%; text-align: center;\">1 \/ 2<\/td>\n<\/tr>\n<tr style=\"border-style: hidden;\">\n<td style=\"width: 81.5384%;\">Watt (W)<\/td>\n<td style=\"width: 18.4616%; text-align: center;\">50W<\/td>\n<\/tr>\n<tr style=\"border-style: hidden;\">\n<td style=\"width: 81.5384%;\">Spannung (V) \/ Frequenz (Hz)<\/td>\n<td style=\"width: 18.4616%; text-align: center;\">110V \/ 60Hz<br \/>220V \/ 50Hz<\/td>\n<\/tr>\n<tr style=\"border-style: hidden;\">\n<td style=\"width: 81.5384%;\">Energieverbrauch*<\/td>\n<td style=\"width: 18.4616%; text-align: center;\">0,65 kWh\/24 h*<\/td>\n<\/tr>\n<tr style=\"border-style: hidden;\">\n<td style=\"width: 81.5384%;\">Nettogewicht (lbs \/ kgs)<\/td>\n<td style=\"width: 18.4616%; text-align: center;\">31lbs \/ 14kgs<\/td>\n<\/tr>\n<tr style=\"border-style: hidden;\">\n<td style=\"width: 81.5384%;\">Temperaturbereich (\u00b0F \/ \u00b0C)<\/td>\n<td style=\"width: 18.4616%; text-align: center;\">32-50\u00b0F \/ 0-10\u00b0C<\/td>\n<\/tr>\n<tr style=\"border-style: hidden;\">\n<td style=\"width: 81.5384%;\">Ger\u00e4uschpegel (dB)<\/td>\n<td style=\"width: 18.4616%; text-align: center;\">\u226439dB(A)<\/td>\n<\/tr>\n<tr style=\"border-style: hidden;\">\n<td style=\"width: 81.5384%;\">Abtauen<\/td>\n<td style=\"width: 18.4616%; text-align: center;\">Automatisch<\/td>\n<\/tr>\n<tr style=\"border-style: hidden;\">\n<td style=\"width: 81.5384%;\">Innenbeleuchtung<\/td>\n<td style=\"width: 18.4616%; text-align: center;\">Nein<\/td>\n<\/tr>\n<tr style=\"border-style: hidden;\">\n<td style=\"width: 81.5384%;\">Zertifizierungen:<\/td>\n<td style=\"width: 18.4616%; text-align: center;\">CCC\/CB\/CETL\/CE\/GS\/RoHS\/UL\/CSA<br \/>ISO 9001 2008\/ISO 14001 2004<\/td>\n<\/tr>\n<\/tbody>\n<\/table>\n<p>&nbsp;<\/p>\n<p>[\/et_pb_text][\/et_pb_column][\/et_pb_row][et_pb_row column_structure=&#8221;1_3,1_3,1_3&#8243; _builder_version=&#8221;4.14.5&#8243; _module_preset=&#8221;default&#8221; locked=&#8221;off&#8221; global_colors_info=&#8221;{}&#8221;][et_pb_column type=&#8221;1_3&#8243; _builder_version=&#8221;4.14.5&#8243; _module_preset=&#8221;default&#8221; global_colors_info=&#8221;{}&#8221;][et_pb_button button_url=&#8221;https:\/\/guestfridge.minibarsystems.com\/wp-content\/uploads\/2022\/08\/DOC0290_GuestFridge_Users_Guide_XingX-Rev-1.pdf&#8221; url_new_window=&#8221;on&#8221; button_text=&#8221;Benutzerhandbuch (PDF)&#8221; _builder_version=&#8221;4.14.5&#8243; _module_preset=&#8221;default&#8221; button_border_radius=&#8221;9px&#8221; global_colors_info=&#8221;{}&#8221;][\/et_pb_button][\/et_pb_column][et_pb_column type=&#8221;1_3&#8243; _builder_version=&#8221;4.14.5&#8243; _module_preset=&#8221;default&#8221; global_colors_info=&#8221;{}&#8221;][et_pb_button button_url=&#8221;https:\/\/guestfridge.minibarsystems.com\/wp-content\/uploads\/2022\/08\/GF-29-Energy-Guide.pdf&#8221; url_new_window=&#8221;on&#8221; button_text=&#8221;Energie-Leitfaden (PDF)&#8221; _builder_version=&#8221;4.14.5&#8243; _module_preset=&#8221;default&#8221; button_border_radius=&#8221;9px&#8221; global_colors_info=&#8221;{}&#8221;][\/et_pb_button][\/et_pb_column][et_pb_column type=&#8221;1_3&#8243; _builder_version=&#8221;4.14.5&#8243; _module_preset=&#8221;default&#8221; global_colors_info=&#8221;{}&#8221;][et_pb_button button_url=&#8221;https:\/\/guestfridge.minibarsystems.com\/wp-content\/uploads\/2022\/02\/DOC0199_GuestFridge-29-SBD.pdf&#8221; url_new_window=&#8221;on&#8221; button_text=&#8221;Produkt-Schnittblatt (PDF)&#8221; _builder_version=&#8221;4.14.5&#8243; _module_preset=&#8221;default&#8221; button_border_radius=&#8221;9px&#8221; global_colors_info=&#8221;{}&#8221;][\/et_pb_button][\/et_pb_column][\/et_pb_row][\/et_pb_section]<\/p>\n","protected":false},"excerpt":{"rendered":"<p>GuestFridge 29 &#8211; Massive schwarze T\u00fcr Kompaktk\u00fchlschrank mit 29 l Fassungsverm\u00f6gen (1,0 Kubikfu\u00df) ENERGY STAR\u00ae-konform Silent-Kompressor-Technologie f\u00fcr leisen Betrieb Umweltfreundliches K\u00e4ltemittel R600a Automatisches Abtauen 1 halbtiefe, herausnehmbare Drahtb\u00f6den f\u00fcr maximale Stauraumvielfalt Gro\u00dfe Flaschenaufbewahrung &#8211; ideal f\u00fcr gro\u00dfe Limonadenflaschen CanStor\u00ae-Getr\u00e4nkeschankanlage Mechanischer Thermostat Kratzfeste Arbeitsplatte Integrierter T\u00fcrgriff Umkehrbares T\u00fcrscharnier Glattes R\u00fcckendesign Einstellbarer Thermostat im Inneren1 halbtiefe, herausnehmbare [&hellip;]<\/p>\n","protected":false},"author":5,"featured_media":0,"parent":0,"menu_order":0,"comment_status":"closed","ping_status":"closed","template":"","meta":{"_et_pb_use_builder":"on","_et_pb_old_content":"","_et_gb_content_width":"","footnotes":""},"class_list":["post-2773","page","type-page","status-publish","hentry"],"_links":{"self":[{"href":"https:\/\/guestfridge.minibarsystems.com\/de\/wp-json\/wp\/v2\/pages\/2773","targetHints":{"allow":["GET"]}}],"collection":[{"href":"https:\/\/guestfridge.minibarsystems.com\/de\/wp-json\/wp\/v2\/pages"}],"about":[{"href":"https:\/\/guestfridge.minibarsystems.com\/de\/wp-json\/wp\/v2\/types\/page"}],"author":[{"embeddable":true,"href":"https:\/\/guestfridge.minibarsystems.com\/de\/wp-json\/wp\/v2\/users\/5"}],"replies":[{"embeddable":true,"href":"https:\/\/guestfridge.minibarsystems.com\/de\/wp-json\/wp\/v2\/comments?post=2773"}],"version-history":[{"count":1,"href":"https:\/\/guestfridge.minibarsystems.com\/de\/wp-json\/wp\/v2\/pages\/2773\/revisions"}],"predecessor-version":[{"id":2778,"href":"https:\/\/guestfridge.minibarsystems.com\/de\/wp-json\/wp\/v2\/pages\/2773\/revisions\/2778"}],"wp:attachment":[{"href":"https:\/\/guestfridge.minibarsystems.com\/de\/wp-json\/wp\/v2\/media?parent=2773"}],"curies":[{"name":"wp","href":"https:\/\/api.w.org\/{rel}","templated":true}]}}