{"id":1486,"date":"2021-04-20T04:10:45","date_gmt":"2021-04-20T04:10:45","guid":{"rendered":"https:\/\/minibarsystems.com\/guestfridge.minibarsystems.com\/downloads\/"},"modified":"2021-04-20T04:10:52","modified_gmt":"2021-04-20T04:10:52","slug":"downloads","status":"publish","type":"page","link":"https:\/\/guestfridge.minibarsystems.com\/de\/downloads\/","title":{"rendered":"Downloads"},"content":{"rendered":"<p>[et_pb_section fb_built=&#8221;1&#8243; _builder_version=&#8221;4.6.1&#8243; background_color=&#8221;rgba(0,52,102,0.8)&#8221; background_enable_image=&#8221;off&#8221; custom_padding=&#8221;50px||20px||false|false&#8221; custom_css_main_element=&#8221;background-repeat: no-repeat;||background-attachment: fixed;||background-position: center center;||background-size: initial;&#8221; border_width_top=&#8221;1px&#8221; border_color_top=&#8221;#ffffff&#8221; box_shadow_style=&#8221;preset3&#8243;][et_pb_row _builder_version=&#8221;4.4.7&#8243;][et_pb_column type=&#8221;4_4&#8243; _builder_version=&#8221;4.4.7&#8243;][et_pb_text _builder_version=&#8221;4.9.2&#8243; header_2_text_align=&#8221;center&#8221; header_2_text_color=&#8221;#ffffff&#8221; header_2_font_size=&#8221;36px&#8221; custom_margin=&#8221;||19px|||&#8221; header_2_font_size_tablet=&#8221;32px&#8221; header_2_font_size_phone=&#8221;30px&#8221; header_2_font_size_last_edited=&#8221;on|tablet&#8221;]<\/p>\n<h2>GuestFridge &#8211; DOWNLOADS<\/h2>\n<p>[\/et_pb_text][\/et_pb_column][\/et_pb_row][\/et_pb_section][et_pb_section fb_built=&#8221;1&#8243; _builder_version=&#8221;4.9.2&#8243; background_color=&#8221;#ffffff&#8221; use_background_color_gradient=&#8221;on&#8221; background_color_gradient_start=&#8221;rgba(255,255,255,0.9)&#8221; background_color_gradient_end=&#8221;rgba(255,255,255,0.9)&#8221; background_color_gradient_overlays_image=&#8221;on&#8221; background_image=&#8221;https:\/\/minibarsystems.com\/guestfridge.minibarsystems.com\/wp-content\/uploads\/2021\/03\/circuits-bgr-02.jpg&#8221; min_height=&#8221;691px&#8221; custom_padding=&#8221;59px||60px||false|false&#8221; hover_enabled=&#8221;0&#8243; custom_css_main_element=&#8221;background-repeat: no-repeat;||background-attachment: fixed;||background-position: center right;||background-size: initial;&#8221; title_text=&#8221;circuits-bgr-02&#8243; sticky_enabled=&#8221;0&#8243;][et_pb_row column_structure=&#8221;1_2,1_2&#8243; use_custom_gutter=&#8221;on&#8221; gutter_width=&#8221;2&#8243; make_equal=&#8221;on&#8221; _builder_version=&#8221;4.6.1&#8243; background_size=&#8221;contain&#8221; custom_css_main_element=&#8221;background-repeat: no-repeat;||background-attachment: fixed;||background-position: center right;||background-size: initial;&#8221; border_radii=&#8221;off|12px|12px||&#8221;][et_pb_column type=&#8221;1_2&#8243; _builder_version=&#8221;4.6.1&#8243; background_color=&#8221;#ffffff&#8221; custom_padding=&#8221;25px|25px|25px|25px|false|false&#8221; border_radii=&#8221;on|12px|12px|12px|12px&#8221; box_shadow_style=&#8221;preset3&#8243; transform_styles__hover_enabled=&#8221;off|desktop&#8221; transform_scale__hover_enabled=&#8221;off|desktop&#8221; transform_translate__hover_enabled=&#8221;off|desktop&#8221; transform_rotate__hover_enabled=&#8221;off|desktop&#8221; transform_skew__hover_enabled=&#8221;off|desktop&#8221; transform_origin__hover_enabled=&#8221;off|desktop&#8221; transform_scale__hover=&#8221;98%|98%&#8221; box_shadow_blur__hover_enabled=&#8221;off|desktop&#8221; box_shadow_blur__hover=&#8221;10px&#8221; box_shadow_color__hover_enabled=&#8221;on|hover&#8221; box_shadow_color__hover=&#8221;rgba(0,0,0,0.5)&#8221; box_shadow_vertical__hover_enabled=&#8221;off|desktop&#8221; box_shadow_vertical__hover=&#8221;2px&#8221;][et_pb_text _builder_version=&#8221;4.4.7&#8243; header_3_font=&#8221;|600|||||||&#8221; header_3_text_align=&#8221;center&#8221; header_3_text_color=&#8221;#777777&#8243; header_3_line_height=&#8221;1.5em&#8221; custom_margin=&#8221;||0px||false|false&#8221; custom_padding=&#8221;||0px||false|false&#8221;]<\/p>\n<h3>GuestFridge-Brosch\u00fcren<\/h3>\n<p>[\/et_pb_text][et_pb_button url_new_window=&#8221;on&#8221; button_text=&#8221;GuestFridge-Brosch\u00fcre&#8221; _builder_version=&#8221;4.9.2&#8243; _module_preset=&#8221;b692572b-1326-4581-a2cc-a9053d46a012&#8243;][\/et_pb_button][et_pb_button url_new_window=&#8221;on&#8221; button_text=&#8221;GuestFridge Thermo-Brosch\u00fcre&#8221; _builder_version=&#8221;4.9.2&#8243; _module_preset=&#8221;b692572b-1326-4581-a2cc-a9053d46a012&#8243;][\/et_pb_button][et_pb_button url_new_window=&#8221;on&#8221; button_text=&#8221;GuestFridge Bel\u00fcftungsspezifikationen&#8221; _builder_version=&#8221;4.9.2&#8243; _module_preset=&#8221;b692572b-1326-4581-a2cc-a9053d46a012&#8243;][\/et_pb_button][et_pb_text _builder_version=&#8221;4.6.1&#8243; header_3_font=&#8221;|600|||||||&#8221; header_3_text_align=&#8221;center&#8221; header_3_text_color=&#8221;#777777&#8243; header_3_line_height=&#8221;1.5em&#8221; custom_margin=&#8221;||0px||false|false&#8221; custom_padding=&#8221;||0px||false|false&#8221;]<\/p>\n<h3>GuestFridge 50 Einzelbl\u00e4tter<\/h3>\n<p>[\/et_pb_text][et_pb_button url_new_window=&#8221;on&#8221; button_text=&#8221;Edelstahl Glast\u00fcr Schnittplatte&#8221; _builder_version=&#8221;4.9.2&#8243; _module_preset=&#8221;default&#8221; button_bg_color__hover_enabled=&#8221;on|hover&#8221; button_bg_color__hover=&#8221;#005489&#8243; button_text_color__hover=&#8221;#ffffff&#8221; button_text_color__hover_enabled=&#8221;on|hover&#8221; button_bg_enable_color__hover=&#8221;on&#8221;][\/et_pb_button][et_pb_button url_new_window=&#8221;on&#8221; button_text=&#8221;Edelstahl Glast\u00fcr Schnittplatte&#8221; _builder_version=&#8221;4.9.2&#8243; _module_preset=&#8221;default&#8221; button_bg_color__hover_enabled=&#8221;on|hover&#8221; button_bg_color__hover=&#8221;#005489&#8243; button_text_color__hover=&#8221;#ffffff&#8221; button_text_color__hover_enabled=&#8221;on|hover&#8221; button_bg_enable_color__hover=&#8221;on&#8221;][\/et_pb_button][et_pb_button url_new_window=&#8221;on&#8221; button_text=&#8221;Black Frame Glass Door Cut Sheet&#8221; _builder_version=&#8221;4.9.2&#8243; _module_preset=&#8221;default&#8221; button_bg_color__hover_enabled=&#8221;on|hover&#8221; button_bg_color__hover=&#8221;#005489&#8243; button_text_color__hover=&#8221;#ffffff&#8221; button_text_color__hover_enabled=&#8221;on|hover&#8221; button_bg_enable_color__hover=&#8221;on&#8221;][\/et_pb_button][\/et_pb_column][et_pb_column type=&#8221;1_2&#8243; module_class=&#8221;fade-out-siblings&#8221; _builder_version=&#8221;4.6.1&#8243; background_color=&#8221;#ffffff&#8221; custom_padding=&#8221;25px|25px|25px|25px|false|false&#8221; border_radii=&#8221;on|12px|12px|12px|12px&#8221; box_shadow_style=&#8221;preset3&#8243; transform_styles__hover_enabled=&#8221;off|desktop&#8221; box_shadow_blur__hover=&#8221;10px&#8221; box_shadow_blur__hover_enabled=&#8221;off|desktop&#8221; box_shadow_color__hover=&#8221;rgba(0,0,0,0.5)&#8221; box_shadow_color__hover_enabled=&#8221;on|hover&#8221; box_shadow_vertical__hover=&#8221;2px&#8221; box_shadow_vertical__hover_enabled=&#8221;off|desktop&#8221; transform_scale__hover=&#8221;98%|98%&#8221; transform_scale__hover_enabled=&#8221;off|desktop&#8221; transform_translate__hover_enabled=&#8221;off|desktop&#8221; transform_rotate__hover_enabled=&#8221;off|desktop&#8221; transform_skew__hover_enabled=&#8221;off|desktop&#8221; transform_origin__hover_enabled=&#8221;off|desktop&#8221;][et_pb_text _builder_version=&#8221;4.4.7&#8243; header_3_font=&#8221;|600|||||||&#8221; header_3_text_align=&#8221;center&#8221; header_3_text_color=&#8221;#777777&#8243; header_3_line_height=&#8221;1.5em&#8221; custom_margin=&#8221;||0px||false|false&#8221; custom_padding=&#8221;||0px||false|false&#8221; button_bg_color__hover=&#8221;#1072b9&#8243; button_bg_color__hover_enabled=&#8221;on|desktop&#8221;]<\/p>\n<h3>GuestFridge 65 Einzelbl\u00e4tter<\/h3>\n<p>[\/et_pb_text][et_pb_button url_new_window=&#8221;on&#8221; button_text=&#8221; Massives schwarzes T\u00fcrschnittblatt&#8221; _builder_version=&#8221;4.9.2&#8243; button_bg_color__hover_enabled=&#8221;on|hover&#8221; button_bg_color__hover=&#8221;#005489&#8243; button_text_color__hover=&#8221;#ffffff&#8221; button_text_color__hover_enabled=&#8221;on|hover&#8221; button_bg_enable_color__hover=&#8221;on&#8221;][\/et_pb_button][et_pb_button url_new_window=&#8221;on&#8221; button_text=&#8221;Edelstahl Glast\u00fcr Schnittplatte&#8221; _builder_version=&#8221;4.9.2&#8243; button_bg_color__hover_enabled=&#8221;on|hover&#8221; button_bg_color__hover=&#8221;#005489&#8243; button_text_color__hover=&#8221;#ffffff&#8221; button_text_color__hover_enabled=&#8221;on|hover&#8221; button_bg_enable_color__hover=&#8221;on&#8221;][\/et_pb_button][et_pb_button url_new_window=&#8221;on&#8221; button_text=&#8221;Black Frame Glass Door Cut Sheet&#8221; _builder_version=&#8221;4.9.2&#8243; button_bg_color__hover_enabled=&#8221;on|hover&#8221; button_bg_color__hover=&#8221;#005489&#8243; button_text_color__hover=&#8221;#ffffff&#8221; button_text_color__hover_enabled=&#8221;on|hover&#8221; button_bg_enable_color__hover=&#8221;on&#8221;][\/et_pb_button][et_pb_text _builder_version=&#8221;4.4.7&#8243; header_3_font=&#8221;|600|||||||&#8221; header_3_text_align=&#8221;center&#8221; header_3_text_color=&#8221;#777777&#8243; header_3_line_height=&#8221;1.5em&#8221; custom_margin=&#8221;||0px||false|false&#8221; custom_padding=&#8221;||0px||false|false&#8221; button_bg_color__hover=&#8221;#1072b9&#8243; button_bg_color__hover_enabled=&#8221;on|desktop&#8221;]<\/p>\n<h3>GuestFridge Thermo-Einzelbl\u00e4tter<\/h3>\n<p>[\/et_pb_text][et_pb_button url_new_window=&#8221;on&#8221; button_text=&#8221;30 Vollschwarzes T\u00fcrschnittblatt&#8221; _builder_version=&#8221;4.9.2&#8243; button_bg_color__hover_enabled=&#8221;on|hover&#8221; button_bg_color__hover=&#8221;#005489&#8243; button_text_color__hover=&#8221;#ffffff&#8221; button_text_color__hover_enabled=&#8221;on|hover&#8221; button_bg_enable_color__hover=&#8221;on&#8221;][\/et_pb_button][et_pb_button url_new_window=&#8221;on&#8221; button_text=&#8221;40 Vollschwarzes T\u00fcrschnittblatt&#8221; _builder_version=&#8221;4.9.2&#8243; button_bg_color__hover_enabled=&#8221;on|hover&#8221; button_bg_color__hover=&#8221;#005489&#8243; button_text_color__hover=&#8221;#ffffff&#8221; button_text_color__hover_enabled=&#8221;on|hover&#8221; button_bg_enable_color__hover=&#8221;on&#8221;][\/et_pb_button][et_pb_button url_new_window=&#8221;on&#8221; button_text=&#8221;50 Vollschwarzes T\u00fcrschnittblatt&#8221; _builder_version=&#8221;4.9.2&#8243; button_bg_color__hover_enabled=&#8221;on|hover&#8221; button_bg_color__hover=&#8221;#005489&#8243; button_text_color__hover=&#8221;#ffffff&#8221; button_text_color__hover_enabled=&#8221;on|hover&#8221; button_bg_enable_color__hover=&#8221;on&#8221;][\/et_pb_button][\/et_pb_column][\/et_pb_row][\/et_pb_section]<\/p>\n","protected":false},"excerpt":{"rendered":"<p>GuestFridge &#8211; DOWNLOADSGuestFridge-Brosch\u00fcrenGuestFridge 50 Einzelbl\u00e4tterGuestFridge 65 Einzelbl\u00e4tterGuestFridge Thermo-Einzelbl\u00e4tter<\/p>\n","protected":false},"author":5,"featured_media":0,"parent":0,"menu_order":0,"comment_status":"closed","ping_status":"closed","template":"","meta":{"_et_pb_use_builder":"on","_et_pb_old_content":"","_et_gb_content_width":"","footnotes":""},"class_list":["post-1486","page","type-page","status-publish","hentry"],"_links":{"self":[{"href":"https:\/\/guestfridge.minibarsystems.com\/de\/wp-json\/wp\/v2\/pages\/1486","targetHints":{"allow":["GET"]}}],"collection":[{"href":"https:\/\/guestfridge.minibarsystems.com\/de\/wp-json\/wp\/v2\/pages"}],"about":[{"href":"https:\/\/guestfridge.minibarsystems.com\/de\/wp-json\/wp\/v2\/types\/page"}],"author":[{"embeddable":true,"href":"https:\/\/guestfridge.minibarsystems.com\/de\/wp-json\/wp\/v2\/users\/5"}],"replies":[{"embeddable":true,"href":"https:\/\/guestfridge.minibarsystems.com\/de\/wp-json\/wp\/v2\/comments?post=1486"}],"version-history":[{"count":1,"href":"https:\/\/guestfridge.minibarsystems.com\/de\/wp-json\/wp\/v2\/pages\/1486\/revisions"}],"predecessor-version":[{"id":1496,"href":"https:\/\/guestfridge.minibarsystems.com\/de\/wp-json\/wp\/v2\/pages\/1486\/revisions\/1496"}],"wp:attachment":[{"href":"https:\/\/guestfridge.minibarsystems.com\/de\/wp-json\/wp\/v2\/media?parent=1486"}],"curies":[{"name":"wp","href":"https:\/\/api.w.org\/{rel}","templated":true}]}}